{"id":1245,"date":"2024-03-17T16:07:33","date_gmt":"2024-03-17T15:07:33","guid":{"rendered":"https:\/\/semimarathoncouleeverte.espritrun.fr\/?page_id=1245"},"modified":"2024-03-18T07:41:57","modified_gmt":"2024-03-18T06:41:57","slug":"photos-2024","status":"publish","type":"page","link":"https:\/\/semimarathoncouleeverte.espritrun.fr\/?page_id=1245","title":{"rendered":"Photos 2024"},"content":{"rendered":"\n<p><\/p>\n\n\n\n<p class=\"has-white-color has-ast-global-color-7-background-color has-text-color has-background has-link-color has-medium-font-size wp-elements-57c345ba0f2f6eb0245e4c7e8a54c390\"><strong>Photos de JPH Serialtraileurs<\/strong><\/p>\n\n\n\n<p class=\"has-medium-font-size\"><strong>4\u00e8me Km<\/strong><\/p>\n\n\n\n<div class=\"wp-block-columns is-layout-flex wp-container-core-columns-is-layout-1 wp-block-columns-is-layout-flex\">\n<div class=\"wp-block-column is-layout-flow wp-block-column-is-layout-flow\" style=\"flex-basis:50%\">\n<p><strong><a href=\"https:\/\/l.facebook.com\/l.php?u=https%3A%2F%2Fphotos.app.goo.gl%2FSFbHtqjnNvtBJhWf6%3Ffbclid%3DIwAR3OgLCCtPib5gcIB-m_SMdKY4VTiNZ4xUXOM0TDRyovMJeT6yb5ECG7T6E&amp;h=AT0_STwLMUDEXmDOJeRLwL0pCB9vF3dqlh66Nqm986sEXCKcJQL8797Y6cYGMWWydenFpIHE4thECP6vGqoz7-kgs24uMF-1t7EAgritE4D0OmKJbINVvEzXHeNCDVgzURaC_PqHKPg_Oc-BKwID&amp;__tn__=-UK-R&amp;c[0]=AT1fjMPrpDKhtWUpNj5LS5FCtSNcmFeQPgBA9RgQvxRkFtFzZpnmUnAbtxwQGcWRJtDy74C2_CA1tHkPRDqsmFbyEylekTUmpCecoOEPGXw_f1RUUtBAnD2ByWWvpGvXtx9Kyq2s07muGnGkyicnIGm3jckM0Jako6O8BWeaPe9MSLSC3NsV\" target=\"_blank\" rel=\"noreferrer noopener\">Acte 1 <code><b class=\"wp-svg-images images\"><\/b><\/code><\/a><\/strong>                                                              <\/p>\n<\/div>\n\n\n\n<div class=\"wp-block-column is-layout-flow wp-block-column-is-layout-flow\" style=\"flex-basis:50%\">\n<p><strong><a href=\"https:\/\/l.facebook.com\/l.php?u=https%3A%2F%2Fphotos.app.goo.gl%2Fyw3SX2ogBy9F4z9w9%3Ffbclid%3DIwAR0l7r3hggeEy51UjWejI5fetdqZtIWpv2Fa5ZQuX5dCubhfG-dKTSmM5bA&amp;h=AT0g4H4pOHWvR-dNsBcdjAOLyhFG4SkTWqlCwvRVeCUhbdnnmQ_v8QtXKEHe1ZAKePoXDYhRVVIobAzbWGGiZDonuWKHAd2qp6wBPZQeAcMf8Bn2bGgJHMypEjmPPIfChlq4qKp0fQudfe02CDNf&amp;__tn__=-UK-R&amp;c[0]=AT1YyCifAQA0QhG8rKY_YyruD4GBVmw15ETGmZumK8AM_CY0k1I5ydq0HoDY1WoqAc4u4lXOCTEZhZrMaXUb5kkx_JoY_3oZPxDmj7TIvFbsSSqsrK67lvjD0d_GUKcBrDDy5qHSSEHCjxI1kbAzcaP5QuEYadpD6OdK_VFR1oN8AFDzN5iB\" target=\"_blank\" rel=\"noreferrer noopener\">Acte 2 <code><b class=\"wp-svg-images images\"><\/b><\/code><\/a><\/strong><\/p>\n<\/div>\n<\/div>\n\n\n\n<p class=\"has-medium-font-size\"><strong>17\u00e8me Km<\/strong><\/p>\n\n\n\n<div class=\"wp-block-columns is-layout-flex wp-container-core-columns-is-layout-2 wp-block-columns-is-layout-flex\">\n<div class=\"wp-block-column is-layout-flow wp-block-column-is-layout-flow\" style=\"flex-basis:25%\">\n<p><strong><a href=\"https:\/\/l.facebook.com\/l.php?u=https%3A%2F%2Fphotos.app.goo.gl%2FVLGpCRyxxd3htjML9%3Ffbclid%3DIwAR1tJ103aso3E_TuSH4xjYNKkbG1FGn926znW6gIT3QNTppiLqN1ig-uLTA&amp;h=AT3XeSjV-s_EJatV6H6NXXMgVsEsjT9U-DoG4Z7K38bN7wnPFJu_4OiXAQ6OrOC9bsGqmasu6rbyRaKQ9wvJgPTX9FaXN1uUZw239QnT3vqHm-8YVU6O4GUl3mvZgePX-XhIkeC5Jd4X0Hs0jF0A&amp;__tn__=-UK-R&amp;c[0]=AT22i0aSeyTbRfkFW3xD2xFTbX2j1I_kiIB-oPdUo-v1WrYksPo0kw1vGIP2amWp62V3m97RCcpye06YLqN9UKyZnSUJTDByDoujqM--cAVvu06ibbpjTVmBTuXnqZ7S7WQKWgcaosDY66ujD0_JSVxW9gKkHp9XCY9OgLRnNac4AMqvy2cz\" target=\"_blank\" rel=\"noreferrer noopener\">Acte 1 <code><b class=\"wp-svg-images images\"><\/b><\/code><\/a><\/strong><\/p>\n<\/div>\n\n\n\n<div class=\"wp-block-column is-layout-flow wp-block-column-is-layout-flow\" style=\"flex-basis:25%\">\n<p><strong><a href=\"https:\/\/l.facebook.com\/l.php?u=https%3A%2F%2Fphotos.app.goo.gl%2FqnP17MthZKmVV23P9%3Ffbclid%3DIwAR1oTRwh3kjuydXr9fJ35EnzT94oaitTJYaTMVIaDCkdGVI3MQVL_RdzOHs&amp;h=AT12YgkDDRBdQRozPMVncs8Lfzf7lTIDswBTkejcB0Q7Yinw5wWgXgrqJP5z4MYtyRCPIW-s6Od8mHB0Ac3rk6Glae7uRV0WV-UOvftf6S7WeRtAxiiQBF3m9eRwDlECTorqAGe-LsBKoX5e-FWC&amp;__tn__=-UK-R&amp;c[0]=AT2e8Q4y1_Ijg05sRemf3LDIzC-rtLZM1JlFtkwxiwXVEg_aV1H1Q7a-hq0LxVpcxILGP5nZn8BAE2i4LqQYRbFAWAN5EepE1sn_arOyhsV5oyfXTho0FuPgv3zgNqpQicr7cRv3Xcf0bRLwygcudQqpCeSZ86UyPJXP1dcWbPGJqxQX-A_J\" target=\"_blank\" rel=\"noreferrer noopener\">Acte 2 <code><b class=\"wp-svg-images images\"><\/b><\/code><\/a><\/strong><\/p>\n<\/div>\n\n\n\n<div class=\"wp-block-column is-layout-flow wp-block-column-is-layout-flow\" style=\"flex-basis:25%\">\n<p><strong><a href=\"https:\/\/l.facebook.com\/l.php?u=https%3A%2F%2Fphotos.app.goo.gl%2FPWcjYTrCFTGBoGru7%3Ffbclid%3DIwAR0jWhR6QUvUW7rxBvhvPZdG8sXhsDKEhzS7cVNeb4ssn9iHpRmzRtrjtQw&amp;h=AT2zGs7PGyg0fhq7P6VRMUSMaqkZH_dpvxxfiAxK8AtY18NbtQ9PhuXhd_eqKF3yqm7s_HgWRHoMAWfIkwxDOnP9y7n-lsfBauHiH-jBRLgYJhFACj9X6riVNAQYt26inGLcHuJxI_H3rmWi7y9Q&amp;__tn__=-UK-R&amp;c[0]=AT2e8Q4y1_Ijg05sRemf3LDIzC-rtLZM1JlFtkwxiwXVEg_aV1H1Q7a-hq0LxVpcxILGP5nZn8BAE2i4LqQYRbFAWAN5EepE1sn_arOyhsV5oyfXTho0FuPgv3zgNqpQicr7cRv3Xcf0bRLwygcudQqpCeSZ86UyPJXP1dcWbPGJqxQX-A_J\" target=\"_blank\" rel=\"noreferrer noopener\">Acte 3 <code><b class=\"wp-svg-images images\"><\/b><\/code><\/a><\/strong><\/p>\n<\/div>\n\n\n\n<div class=\"wp-block-column is-layout-flow wp-block-column-is-layout-flow\" style=\"flex-basis:25%\">\n<p><strong><a href=\"https:\/\/l.facebook.com\/l.php?u=https%3A%2F%2Fphotos.app.goo.gl%2FDcMFSXV7hDdL6FeZ8%3Ffbclid%3DIwAR2msItr__ugYemoT7qaZ4ah_d9goXblD90rjw68GYC1s2NKVpKPysuLV0w&amp;h=AT15AHgDsRe2AjlcjmPQENTE3Wv7XrzNedFJ5vTsD4pACITlACu_9ob5HHb6HBU8Fq6Gw3rt5ULW9Mi-SdZt6zaIQ92sydRRLWnnpDipghOVL25919khW8rYkgTS5_jmFZdyEXmP-ySByFWhkIcA&amp;__tn__=-UK-R&amp;c[0]=AT2e8Q4y1_Ijg05sRemf3LDIzC-rtLZM1JlFtkwxiwXVEg_aV1H1Q7a-hq0LxVpcxILGP5nZn8BAE2i4LqQYRbFAWAN5EepE1sn_arOyhsV5oyfXTho0FuPgv3zgNqpQicr7cRv3Xcf0bRLwygcudQqpCeSZ86UyPJXP1dcWbPGJqxQX-A_J\" target=\"_blank\" rel=\"noreferrer noopener\">Acte 4 <code><b class=\"wp-svg-images images\"><\/b><\/code><\/a><\/strong><\/p>\n<\/div>\n<\/div>\n\n\n\n<hr class=\"wp-block-separator alignfull has-alpha-channel-opacity\"\/>\n\n\n\n<p class=\"has-ast-global-color-5-color has-ast-global-color-7-background-color has-text-color has-background has-medium-font-size\"><strong>Photos de Jean Luc Rohaut<\/strong><\/p>\n\n\n\n<p><\/p>\n\n\n\n<div class=\"wp-block-columns is-layout-flex wp-container-core-columns-is-layout-3 wp-block-columns-is-layout-flex\">\n<div class=\"wp-block-column is-layout-flow wp-block-column-is-layout-flow\">\n<p><strong><a href=\"https:\/\/www.facebook.com\/media\/set\/?vanity=JLPHOTOSPORTFLASH&amp;set=a.806144621549580\" target=\"_blank\" rel=\"noreferrer noopener\">S\u00e9rie 1 <code><b class=\"wp-svg-images images\"><\/b><\/code><\/a><\/strong><\/p>\n\n\n\n<p><\/p>\n<\/div>\n\n\n\n<div class=\"wp-block-column is-layout-flow wp-block-column-is-layout-flow\">\n<p><strong><a href=\"https:\/\/www.facebook.com\/media\/set?vanity=JLPHOTOSPORTFLASH&amp;set=a.806162834881092\" target=\"_blank\" rel=\"noreferrer noopener\">S\u00e9rie 2 <code><b class=\"wp-svg-images images\"><\/b><\/code><\/a><\/strong><\/p>\n\n\n\n<p><\/p>\n<\/div>\n\n\n\n<div class=\"wp-block-column is-layout-flow wp-block-column-is-layout-flow\">\n<p><strong><a href=\"https:\/\/www.facebook.com\/media\/set\/?vanity=JLPHOTOSPORTFLASH&amp;set=a.806203298210379\" target=\"_blank\" rel=\"noreferrer noopener\">S\u00e9rie 3 <code><b class=\"wp-svg-images images\"><\/b><\/code><\/a><\/strong><\/p>\n\n\n\n<p><\/p>\n<\/div>\n\n\n\n<div class=\"wp-block-column is-layout-flow wp-block-column-is-layout-flow\">\n<p><strong><a href=\"https:\/\/www.facebook.com\/media\/set?vanity=JLPHOTOSPORTFLASH&amp;set=a.806258801538162\" target=\"_blank\" rel=\"noreferrer noopener\"><\/a><strong><a href=\"https:\/\/www.facebook.com\/media\/set\/?vanity=JLPHOTOSPORTFLASH&amp;set=a.806203298210379\" target=\"_blank\" rel=\"noreferrer noopener\">S\u00e9rie 4 <code><b class=\"wp-svg-images images\"><\/b><\/code><\/a><\/strong><\/strong><\/p>\n\n\n\n<p><\/p>\n<\/div>\n<\/div>\n","protected":false},"excerpt":{"rendered":"<p>Photos de JPH Serialtraileurs 4\u00e8me Km Acte 1 Acte 2 17\u00e8me Km Acte 1 Acte 2 Acte 3 Acte 4 Photos de Jean Luc Rohaut S\u00e9rie 1 S\u00e9rie 2 S\u00e9rie 3 S\u00e9rie 4<\/p>\n","protected":false},"author":1,"featured_media":0,"parent":0,"menu_order":0,"comment_status":"closed","ping_status":"closed","template":"","meta":{"site-sidebar-layout":"default","site-content-layout":"","ast-site-content-layout":"default","site-content-style":"default","site-sidebar-style":"default","ast-global-header-display":"","ast-banner-title-visibility":"","ast-main-header-display":"","ast-hfb-above-header-display":"","ast-hfb-below-header-display":"","ast-hfb-mobile-header-display":"","site-post-title":"","ast-breadcrumbs-content":"","ast-featured-img":"","footer-sml-layout":"","theme-transparent-header-meta":"","adv-header-id-meta":"","stick-header-meta":"","header-above-stick-meta":"","header-main-stick-meta":"","header-below-stick-meta":"","astra-migrate-meta-layouts":"set","footnotes":""},"_links":{"self":[{"href":"https:\/\/semimarathoncouleeverte.espritrun.fr\/index.php?rest_route=\/wp\/v2\/pages\/1245"}],"collection":[{"href":"https:\/\/semimarathoncouleeverte.espritrun.fr\/index.php?rest_route=\/wp\/v2\/pages"}],"about":[{"href":"https:\/\/semimarathoncouleeverte.espritrun.fr\/index.php?rest_route=\/wp\/v2\/types\/page"}],"author":[{"embeddable":true,"href":"https:\/\/semimarathoncouleeverte.espritrun.fr\/index.php?rest_route=\/wp\/v2\/users\/1"}],"replies":[{"embeddable":true,"href":"https:\/\/semimarathoncouleeverte.espritrun.fr\/index.php?rest_route=%2Fwp%2Fv2%2Fcomments&post=1245"}],"version-history":[{"count":23,"href":"https:\/\/semimarathoncouleeverte.espritrun.fr\/index.php?rest_route=\/wp\/v2\/pages\/1245\/revisions"}],"predecessor-version":[{"id":1274,"href":"https:\/\/semimarathoncouleeverte.espritrun.fr\/index.php?rest_route=\/wp\/v2\/pages\/1245\/revisions\/1274"}],"wp:attachment":[{"href":"https:\/\/semimarathoncouleeverte.espritrun.fr\/index.php?rest_route=%2Fwp%2Fv2%2Fmedia&parent=1245"}],"curies":[{"name":"wp","href":"https:\/\/api.w.org\/{rel}","templated":true}]}}