{"id":1379,"date":"2025-03-16T16:20:57","date_gmt":"2025-03-16T15:20:57","guid":{"rendered":"https:\/\/semimarathoncouleeverte.espritrun.fr\/?page_id=1379"},"modified":"2025-03-20T16:04:46","modified_gmt":"2025-03-20T15:04:46","slug":"photos-2025","status":"publish","type":"page","link":"https:\/\/semimarathoncouleeverte.espritrun.fr\/?page_id=1379","title":{"rendered":"Photos 2025"},"content":{"rendered":"\n<p class=\"has-ast-global-color-5-color has-ast-global-color-7-background-color has-text-color has-background has-medium-font-size\"><strong>Vid\u00e9os du d\u00e9part<\/strong><\/p>\n\n\n\n<div class=\"wp-block-columns is-layout-flex wp-container-core-columns-is-layout-1 wp-block-columns-is-layout-flex\">\n<div class=\"wp-block-column is-layout-flow wp-block-column-is-layout-flow\"><p><iframe loading=\"lazy\" src=\"https:\/\/www.facebook.com\/plugins\/video.php?height=476&#038;href=https%3A%2F%2Fwww.facebook.com%2Fwww.espritrun.fr%2Fvideos%2F2509429289448951%2F&#038;show_text=true&#038;width=267&#038;t=0\" width=\"267\" height=\"591\" style=\"border:none;overflow:hidden\" scrolling=\"no\" frameborder=\"0\" allowfullscreen=\"true\" allow=\"autoplay; clipboard-write; encrypted-media; picture-in-picture; web-share\" allowFullScreen=\"true\"><\/iframe><\/p>\n<\/div>\n\n\n\n<div class=\"wp-block-column is-layout-flow wp-block-column-is-layout-flow\">\n<figure class=\"wp-block-video\"><video controls src=\"https:\/\/semimarathoncouleeverte.espritrun.fr\/wp-content\/uploads\/2025\/03\/depart-2025.mp4\"><\/video><\/figure>\n<\/div>\n<\/div>\n\n\n\n<p class=\"has-ast-global-color-5-color has-ast-global-color-7-background-color has-text-color has-background has-medium-font-size\"><strong>Vid\u00e9os a\u00e9riennes de la course<\/strong><\/p>\n\n\n\n<div class=\"wp-block-columns is-layout-flex wp-container-core-columns-is-layout-2 wp-block-columns-is-layout-flex\">\n<div class=\"wp-block-column is-layout-flow wp-block-column-is-layout-flow\">\n<figure class=\"wp-block-video\"><video controls src=\"https:\/\/semimarathoncouleeverte.espritrun.fr\/wp-content\/uploads\/2025\/03\/video-aerienne-course.mp4\"><\/video><\/figure>\n<\/div>\n\n\n\n<div class=\"wp-block-column is-layout-flow wp-block-column-is-layout-flow\">\n<figure class=\"wp-block-video\"><video controls src=\"https:\/\/semimarathoncouleeverte.espritrun.fr\/wp-content\/uploads\/2025\/03\/video-course-drone.mp4\"><\/video><\/figure>\n<\/div>\n<\/div>\n\n\n\n<div style=\"height:100px\" aria-hidden=\"true\" class=\"wp-block-spacer\"><\/div>\n\n\n\n<p class=\"has-ast-global-color-5-color has-ast-global-color-7-background-color has-text-color has-background has-medium-font-size\"><strong><strong>Photos Adilio photo&rsquo;s<\/strong><\/strong><\/p>\n\n\n\n<div class=\"wp-block-columns is-layout-flex wp-container-core-columns-is-layout-3 wp-block-columns-is-layout-flex\">\n<div class=\"wp-block-column is-layout-flow wp-block-column-is-layout-flow\"><p><iframe loading=\"lazy\" src=\"https:\/\/www.facebook.com\/plugins\/post.php?href=https%3A%2F%2Fwww.facebook.com%2Fadiliophotos%2Fposts%2Fpfbid02g5Xdzo67M7xpTZD68chuuxBBJpidzoVxCqNKme6ZCH6QTLRDCfjXL1EQubBPxiRGl&#038;show_text=true&#038;width=500\" width=\"500\" height=\"652\" style=\"border:none;overflow:hidden\" scrolling=\"no\" frameborder=\"0\" allowfullscreen=\"true\" allow=\"autoplay; clipboard-write; encrypted-media; picture-in-picture; web-share\"><\/iframe><\/p>\n<\/div>\n\n\n\n<div class=\"wp-block-column is-layout-flow wp-block-column-is-layout-flow\"><p><iframe loading=\"lazy\" src=\"https:\/\/www.facebook.com\/plugins\/post.php?href=https%3A%2F%2Fwww.facebook.com%2Fadiliophotos%2Fposts%2Fpfbid0jE8TWsuT1dktTEy3jVojYw9sbBj85R28aVM1jTfeunCSe2F7jzD7FuXemnE666Hql&#038;show_text=true&#038;width=500\" width=\"500\" height=\"652\" style=\"border:none;overflow:hidden\" scrolling=\"no\" frameborder=\"0\" allowfullscreen=\"true\" allow=\"autoplay; clipboard-write; encrypted-media; picture-in-picture; web-share\"><\/iframe><\/p>\n<\/div>\n\n\n\n<div class=\"wp-block-column is-layout-flow wp-block-column-is-layout-flow\"><p><iframe loading=\"lazy\" src=\"https:\/\/www.facebook.com\/plugins\/post.php?href=https%3A%2F%2Fwww.facebook.com%2Fadiliophotos%2Fposts%2Fpfbid0mGBiKxmpaXb5TqpzzFhLoG6ijS1XH3zCTDFSDgFGdR1qhGvJhU6mpW6w1L24iTXHl&#038;show_text=true&#038;width=500\" width=\"500\" height=\"652\" style=\"border:none;overflow:hidden\" scrolling=\"no\" frameborder=\"0\" allowfullscreen=\"true\" allow=\"autoplay; clipboard-write; encrypted-media; picture-in-picture; web-share\"><\/iframe><\/p>\n<\/div>\n<\/div>\n\n\n\n<div class=\"wp-block-columns is-layout-flex wp-container-core-columns-is-layout-4 wp-block-columns-is-layout-flex\">\n<div class=\"wp-block-column is-layout-flow wp-block-column-is-layout-flow\"><p><iframe loading=\"lazy\" src=\"https:\/\/www.facebook.com\/plugins\/post.php?href=https%3A%2F%2Fwww.facebook.com%2Fadiliophotos%2Fposts%2Fpfbid02tZvJ96FDDur2HoqU5yRSNFHCTP5PyHjhVzij9JpgfCGWHEtNnyoynzEGgBoVsqPDl&#038;show_text=true&#038;width=500\" width=\"500\" height=\"652\" style=\"border:none;overflow:hidden\" scrolling=\"no\" frameborder=\"0\" allowfullscreen=\"true\" allow=\"autoplay; clipboard-write; encrypted-media; picture-in-picture; web-share\"><\/iframe><\/p>\n<\/div>\n\n\n\n<div class=\"wp-block-column is-layout-flow wp-block-column-is-layout-flow\"><p><iframe loading=\"lazy\" src=\"https:\/\/www.facebook.com\/plugins\/post.php?href=https%3A%2F%2Fwww.facebook.com%2Fadiliophotos%2Fposts%2Fpfbid0i91JFjfiQwm1JnZkk6qhPGv64vh82vUa2DuRtW4NuZw8T83w5ghbg3ydRqX6AfJDl&#038;show_text=true&#038;width=500\" width=\"500\" height=\"652\" style=\"border:none;overflow:hidden\" scrolling=\"no\" frameborder=\"0\" allowfullscreen=\"true\" allow=\"autoplay; clipboard-write; encrypted-media; picture-in-picture; web-share\"><\/iframe><\/p>\n<\/div>\n\n\n\n<div class=\"wp-block-column is-layout-flow wp-block-column-is-layout-flow\"><p><iframe loading=\"lazy\" src=\"https:\/\/www.facebook.com\/plugins\/post.php?href=https%3A%2F%2Fwww.facebook.com%2Fadiliophotos%2Fposts%2Fpfbid029Kui2pkuDMcQEgGF6K98wgZTSA4JsdsE7Muhxe5NeaxTqSZAxPVbHYTLpfquwMSGl&#038;show_text=true&#038;width=500\" width=\"500\" height=\"652\" style=\"border:none;overflow:hidden\" scrolling=\"no\" frameborder=\"0\" allowfullscreen=\"true\" allow=\"autoplay; clipboard-write; encrypted-media; picture-in-picture; web-share\"><\/iframe><\/p>\n<\/div>\n<\/div>\n\n\n\n<div class=\"wp-block-columns is-layout-flex wp-container-core-columns-is-layout-5 wp-block-columns-is-layout-flex\">\n<div class=\"wp-block-column is-layout-flow wp-block-column-is-layout-flow\"><p><iframe loading=\"lazy\" src=\"https:\/\/www.facebook.com\/plugins\/post.php?href=https%3A%2F%2Fwww.facebook.com%2Fadiliophotos%2Fposts%2Fpfbid0Vqs375cJKev7cDk8K94KoavGJDDYLPQBoWn8SceBpEQXYAxnDSaJ7zGj3GNvsBgal&#038;show_text=true&#038;width=500\" width=\"500\" height=\"569\" style=\"border:none;overflow:hidden\" scrolling=\"no\" frameborder=\"0\" allowfullscreen=\"true\" allow=\"autoplay; clipboard-write; encrypted-media; picture-in-picture; web-share\"><\/iframe><\/p>\n<\/div>\n\n\n\n<div class=\"wp-block-column is-layout-flow wp-block-column-is-layout-flow\"><p><iframe loading=\"lazy\" src=\"https:\/\/www.facebook.com\/plugins\/post.php?href=https%3A%2F%2Fwww.facebook.com%2Fadiliophotos%2Fposts%2Fpfbid02ignTkFksJHmDnu5MWFLfVkExw3TPU6EfWEoaaQwo2ZCNUUNmYe8wEzL4SLGs5YVul&#038;show_text=true&#038;width=500\" width=\"500\" height=\"569\" style=\"border:none;overflow:hidden\" scrolling=\"no\" frameborder=\"0\" allowfullscreen=\"true\" allow=\"autoplay; clipboard-write; encrypted-media; picture-in-picture; web-share\"><\/iframe><\/p>\n<\/div>\n\n\n\n<div class=\"wp-block-column is-layout-flow wp-block-column-is-layout-flow\"><p><iframe loading=\"lazy\" src=\"https:\/\/www.facebook.com\/plugins\/post.php?href=https%3A%2F%2Fwww.facebook.com%2Fadiliophotos%2Fposts%2Fpfbid0wGdtVuYs2VPc2yWh5U4eYqssdZRxAZApgmZe7DzzwJ7Py8J8cX5FyKZ6vJ8uZBiol&#038;show_text=true&#038;width=500\" width=\"500\" height=\"652\" style=\"border:none;overflow:hidden\" scrolling=\"no\" frameborder=\"0\" allowfullscreen=\"true\" allow=\"autoplay; clipboard-write; encrypted-media; picture-in-picture; web-share\"><\/iframe><\/p>\n<\/div>\n<\/div>\n\n\n\n<div class=\"wp-block-columns is-layout-flex wp-container-core-columns-is-layout-6 wp-block-columns-is-layout-flex\">\n<div class=\"wp-block-column is-layout-flow wp-block-column-is-layout-flow\"><p><iframe loading=\"lazy\" src=\"https:\/\/www.facebook.com\/plugins\/post.php?href=https%3A%2F%2Fwww.facebook.com%2Fadiliophotos%2Fposts%2Fpfbid0Qm76MKDgVZL8SZxD2iN5KLQTfZsneCfKvNkQdjFzBxRGBx8CtYqKSJ5KwrBs3LKVl&#038;show_text=true&#038;width=500\" width=\"500\" height=\"250\" style=\"border:none;overflow:hidden\" scrolling=\"no\" frameborder=\"0\" allowfullscreen=\"true\" allow=\"autoplay; clipboard-write; encrypted-media; picture-in-picture; web-share\"><\/iframe><\/p>\n<\/div>\n\n\n\n<div class=\"wp-block-column is-layout-flow wp-block-column-is-layout-flow\"><p><iframe loading=\"lazy\" src=\"https:\/\/www.facebook.com\/plugins\/post.php?href=https%3A%2F%2Fwww.facebook.com%2Fadiliophotos%2Fposts%2Fpfbid0VXdFcUD388XD6cjccPofHtm9nAVMLAFVMzs1vXCeSUiz4wrJPxmrayaLhzjALbsal&#038;show_text=true&#038;width=500\" width=\"500\" height=\"569\" style=\"border:none;overflow:hidden\" scrolling=\"no\" frameborder=\"0\" allowfullscreen=\"true\" allow=\"autoplay; clipboard-write; encrypted-media; picture-in-picture; web-share\"><\/iframe><\/p>\n<\/div>\n\n\n\n<div class=\"wp-block-column is-layout-flow wp-block-column-is-layout-flow\"><p><iframe loading=\"lazy\" src=\"https:\/\/www.facebook.com\/plugins\/post.php?href=https%3A%2F%2Fwww.facebook.com%2Fadiliophotos%2Fposts%2Fpfbid0kuKtDFcsG6oqxiQg2TmFiXiMvHjeD6HgczaqnUwiEmuRaP5urF87hYndMYGQm4Yxl&#038;show_text=true&#038;width=500\" width=\"500\" height=\"569\" style=\"border:none;overflow:hidden\" scrolling=\"no\" frameborder=\"0\" allowfullscreen=\"true\" allow=\"autoplay; clipboard-write; encrypted-media; picture-in-picture; web-share\"><\/iframe><\/p>\n<\/div>\n<\/div>\n\n\n\n<p class=\"has-ast-global-color-5-color has-ast-global-color-7-background-color has-text-color has-background has-medium-font-size\"><strong><strong>Photos de Jean Philippe Boutillier<\/strong><\/strong> (JPH Serialtraileurs)<\/p>\n\n\n\n<div class=\"wp-block-columns is-layout-flex wp-container-core-columns-is-layout-7 wp-block-columns-is-layout-flex\">\n<div class=\"wp-block-column is-layout-flow wp-block-column-is-layout-flow\"><p><iframe loading=\"lazy\" src=\"https:\/\/www.facebook.com\/plugins\/post.php?href=https%3A%2F%2Fwww.facebook.com%2Fjphb.serialtraileurs%2Fposts%2Fpfbid0d51fk9vRFDr9tz25niv6uh8VuHTqStZ4UBoUjdxDqsDg6Pgm8q5cBL87oRjVEBnTl&#038;show_text=true&#038;width=500\" width=\"500\" height=\"560\" style=\"border:none;overflow:hidden\" scrolling=\"no\" frameborder=\"0\" allowfullscreen=\"true\" allow=\"autoplay; clipboard-write; encrypted-media; picture-in-picture; web-share\"><\/iframe><\/p>\n<\/div>\n\n\n\n<div class=\"wp-block-column is-layout-flow wp-block-column-is-layout-flow\"><p><iframe loading=\"lazy\" src=\"https:\/\/www.facebook.com\/plugins\/post.php?href=https%3A%2F%2Fwww.facebook.com%2Fjphb.serialtraileurs%2Fposts%2Fpfbid02WozmqGHPuqv5sYdpEqWMDjpEYQvXb6dRz9XDXBGoiLpKrF9cYRDztMYyhtSnD42ul&#038;show_text=true&#038;width=500\" width=\"500\" height=\"541\" style=\"border:none;overflow:hidden\" scrolling=\"no\" frameborder=\"0\" allowfullscreen=\"true\" allow=\"autoplay; clipboard-write; encrypted-media; picture-in-picture; web-share\"><\/iframe><\/p>\n<\/div>\n\n\n\n<div class=\"wp-block-column is-layout-flow wp-block-column-is-layout-flow\"><p><iframe loading=\"lazy\" src=\"https:\/\/www.facebook.com\/plugins\/post.php?href=https%3A%2F%2Fwww.facebook.com%2Fjphb.serialtraileurs%2Fposts%2Fpfbid02rcZQniq9aMJqzmgsVXRdPiypELpfdgrCaDp31kAS15RoNSREii5h5ZXWz9i9kX2ul&#038;show_text=true&#038;width=500\" width=\"500\" height=\"541\" style=\"border:none;overflow:hidden\" scrolling=\"no\" frameborder=\"0\" allowfullscreen=\"true\" allow=\"autoplay; clipboard-write; encrypted-media; picture-in-picture; web-share\"><\/iframe><\/p>\n<\/div>\n<\/div>\n\n\n\n<div class=\"wp-block-columns is-layout-flex wp-container-core-columns-is-layout-8 wp-block-columns-is-layout-flex\">\n<div class=\"wp-block-column is-layout-flow wp-block-column-is-layout-flow\"><p><iframe loading=\"lazy\" src=\"https:\/\/www.facebook.com\/plugins\/post.php?href=https%3A%2F%2Fwww.facebook.com%2Fjphb.serialtraileurs%2Fposts%2Fpfbid0RtjuytB8btSnZFb7qZ3Dt4tdwkjUbrcbhkmJkwHQS2zEVtBUutmpgCA5XPMSvVbgl&#038;show_text=true&#038;width=500\" width=\"500\" height=\"560\" style=\"border:none;overflow:hidden\" scrolling=\"no\" frameborder=\"0\" allowfullscreen=\"true\" allow=\"autoplay; clipboard-write; encrypted-media; picture-in-picture; web-share\"><\/iframe><\/p>\n<\/div>\n\n\n\n<div class=\"wp-block-column is-layout-flow wp-block-column-is-layout-flow\"><p><iframe loading=\"lazy\" src=\"https:\/\/www.facebook.com\/plugins\/post.php?href=https%3A%2F%2Fwww.facebook.com%2Fjphb.serialtraileurs%2Fposts%2Fpfbid0LCNzzp6tHUBaCouhYYxp24zKBgrFYM6JMdnbEg3WKgHR1JwwGkP2vFwziZ5KuLGtl&#038;show_text=true&#038;width=500\" width=\"500\" height=\"560\" style=\"border:none;overflow:hidden\" scrolling=\"no\" frameborder=\"0\" allowfullscreen=\"true\" allow=\"autoplay; clipboard-write; encrypted-media; picture-in-picture; web-share\"><\/iframe><\/p>\n<\/div>\n\n\n\n<div class=\"wp-block-column is-layout-flow wp-block-column-is-layout-flow\"><p><iframe loading=\"lazy\" src=\"https:\/\/www.facebook.com\/plugins\/post.php?href=https%3A%2F%2Fwww.facebook.com%2Fjphb.serialtraileurs%2Fposts%2Fpfbid076w4yTg8QEvy8dywpxqZdMSYV1ANNNTRTqE6W9kVQFJKWAj6UjcmjmJhVxXZzHrpl&#038;show_text=true&#038;width=500\" width=\"500\" height=\"541\" style=\"border:none;overflow:hidden\" scrolling=\"no\" frameborder=\"0\" allowfullscreen=\"true\" allow=\"autoplay; clipboard-write; encrypted-media; picture-in-picture; web-share\"><\/iframe><\/p>\n<\/div>\n<\/div>\n\n\n\n<p class=\"has-ast-global-color-5-color has-ast-global-color-7-background-color has-text-color has-background has-medium-font-size\"><strong><strong>Photos de Jean<\/strong>-Luc Rohaut<\/strong><\/p>\n\n\n\n<div class=\"wp-block-columns is-layout-flex wp-container-core-columns-is-layout-9 wp-block-columns-is-layout-flex\">\n<div class=\"wp-block-column is-layout-flow wp-block-column-is-layout-flow\"><p><iframe loading=\"lazy\" src=\"https:\/\/www.facebook.com\/plugins\/post.php?href=https%3A%2F%2Fwww.facebook.com%2FJLPHOTOSPORTFLASH%2Fposts%2Fpfbid0mCaghGsFwen36vPJXEdaEF17ThrLGcdPagyQYPWBTiN2pE2m6aPyE4v4YEBpQ4Pyl&#038;show_text=true&#038;width=500\" width=\"500\" height=\"652\" style=\"border:none;overflow:hidden\" scrolling=\"no\" frameborder=\"0\" allowfullscreen=\"true\" allow=\"autoplay; clipboard-write; encrypted-media; picture-in-picture; web-share\"><\/iframe><\/p>\n<\/div>\n\n\n\n<div class=\"wp-block-column is-layout-flow wp-block-column-is-layout-flow\"><p><iframe loading=\"lazy\" src=\"https:\/\/www.facebook.com\/plugins\/post.php?href=https%3A%2F%2Fwww.facebook.com%2FJLPHOTOSPORTFLASH%2Fposts%2Fpfbid0KLMzYTiJmhQMNAtaRcnWtYHF8DhvNYkij4nRQYTpc17ZSfkRMR8nuJmqaXR2o8Xql&#038;show_text=true&#038;width=500\" width=\"500\" height=\"652\" style=\"border:none;overflow:hidden\" scrolling=\"no\" frameborder=\"0\" allowfullscreen=\"true\" allow=\"autoplay; clipboard-write; encrypted-media; picture-in-picture; web-share\"><\/iframe><\/p>\n<\/div>\n\n\n\n<div class=\"wp-block-column is-layout-flow wp-block-column-is-layout-flow\"><p><iframe loading=\"lazy\" src=\"https:\/\/www.facebook.com\/plugins\/post.php?href=https%3A%2F%2Fwww.facebook.com%2FJLPHOTOSPORTFLASH%2Fposts%2Fpfbid02T5ykePRBbVfEp8boD5b1GTUwSeHHrFwBJSBtkq4h4e6RkHfSm2KRLpe3qqhpcQcEl&#038;show_text=true&#038;width=500\" width=\"500\" height=\"652\" style=\"border:none;overflow:hidden\" scrolling=\"no\" frameborder=\"0\" allowfullscreen=\"true\" allow=\"autoplay; clipboard-write; encrypted-media; picture-in-picture; web-share\"><\/iframe><\/p>\n<\/div>\n<\/div>\n\n\n\n<div class=\"wp-block-columns is-layout-flex wp-container-core-columns-is-layout-10 wp-block-columns-is-layout-flex\">\n<div class=\"wp-block-column is-layout-flow wp-block-column-is-layout-flow\"><p><iframe loading=\"lazy\" src=\"https:\/\/www.facebook.com\/plugins\/post.php?href=https%3A%2F%2Fwww.facebook.com%2FJLPHOTOSPORTFLASH%2Fposts%2Fpfbid035c7KaN9BARmLZzuACQ5FabhPpocDeeiTrF5X1MYrXACA1v5XX2B98QoPXs2yojPfl&#038;show_text=true&#038;width=500\" width=\"500\" height=\"652\" style=\"border:none;overflow:hidden\" scrolling=\"no\" frameborder=\"0\" allowfullscreen=\"true\" allow=\"autoplay; clipboard-write; encrypted-media; picture-in-picture; web-share\"><\/iframe><\/p>\n<\/div>\n\n\n\n<div class=\"wp-block-column is-layout-flow wp-block-column-is-layout-flow\"><p><iframe loading=\"lazy\" src=\"https:\/\/www.facebook.com\/plugins\/post.php?href=https%3A%2F%2Fwww.facebook.com%2FJLPHOTOSPORTFLASH%2Fposts%2Fpfbid02X3DD9nc8F7wJBaqsD79zai29woi4DAj3o44RCUDTyhyvGPgP7YUwxNjst2NJLPY9l&#038;show_text=true&#038;width=500\" width=\"500\" height=\"652\" style=\"border:none;overflow:hidden\" scrolling=\"no\" frameborder=\"0\" allowfullscreen=\"true\" allow=\"autoplay; clipboard-write; encrypted-media; picture-in-picture; web-share\"><\/iframe><\/p>\n<\/div>\n\n\n\n<div class=\"wp-block-column is-layout-flow wp-block-column-is-layout-flow\"><p><iframe loading=\"lazy\" src=\"https:\/\/www.facebook.com\/plugins\/post.php?href=https%3A%2F%2Fwww.facebook.com%2FJLPHOTOSPORTFLASH%2Fposts%2Fpfbid0s8p4jKRz1HemAMZLAFGmdee6KnbmVFpK6vhFu956N3jGvTUpNoEcB1mpCMkAtDVMl&#038;show_text=true&#038;width=500\" width=\"500\" height=\"652\" style=\"border:none;overflow:hidden\" scrolling=\"no\" frameborder=\"0\" allowfullscreen=\"true\" allow=\"autoplay; clipboard-write; encrypted-media; picture-in-picture; web-share\"><\/iframe><\/p>\n<\/div>\n<\/div>\n\n\n\n<div class=\"wp-block-columns is-layout-flex wp-container-core-columns-is-layout-11 wp-block-columns-is-layout-flex\">\n<div class=\"wp-block-column is-layout-flow wp-block-column-is-layout-flow\"><p><iframe loading=\"lazy\" src=\"https:\/\/www.facebook.com\/plugins\/post.php?href=https%3A%2F%2Fwww.facebook.com%2FJLPHOTOSPORTFLASH%2Fposts%2Fpfbid0gKWUTxbRcGZkUQd56gZzVGfNf8NAXuuanm5imxwqPQW6QS8tGBdKxKXH4P1rSTM8l&#038;show_text=true&#038;width=500\" width=\"500\" height=\"250\" style=\"border:none;overflow:hidden\" scrolling=\"no\" frameborder=\"0\" allowfullscreen=\"true\" allow=\"autoplay; clipboard-write; encrypted-media; picture-in-picture; web-share\"><\/iframe><\/p>\n<\/div>\n\n\n\n<div class=\"wp-block-column is-layout-flow wp-block-column-is-layout-flow\"><p><iframe loading=\"lazy\" width=\"560\" height=\"315\" src=\"https:\/\/www.youtube.com\/embed\/5qJ4zWg2W-E?si=lMmFGdowXliNrtpW\" title=\"YouTube video player\" frameborder=\"0\" allow=\"accelerometer; autoplay; clipboard-write; encrypted-media; gyroscope; picture-in-picture; web-share\" referrerpolicy=\"strict-origin-when-cross-origin\" allowfullscreen><\/iframe><\/p>\n<\/div>\n<\/div>\n","protected":false},"excerpt":{"rendered":"<p>Vid\u00e9os du d\u00e9part Vid\u00e9os a\u00e9riennes de la course Photos Adilio photo&rsquo;s Photos de Jean Philippe Boutillier (JPH Serialtraileurs) Photos de Jean-Luc Rohaut<\/p>\n","protected":false},"author":1,"featured_media":0,"parent":0,"menu_order":0,"comment_status":"closed","ping_status":"closed","template":"","meta":{"site-sidebar-layout":"default","site-content-layout":"","ast-site-content-layout":"default","site-content-style":"default","site-sidebar-style":"default","ast-global-header-display":"","ast-banner-title-visibility":"","ast-main-header-display":"","ast-hfb-above-header-display":"","ast-hfb-below-header-display":"","ast-hfb-mobile-header-display":"","site-post-title":"","ast-breadcrumbs-content":"","ast-featured-img":"","footer-sml-layout":"","theme-transparent-header-meta":"","adv-header-id-meta":"","stick-header-meta":"","header-above-stick-meta":"","header-main-stick-meta":"","header-below-stick-meta":"","astra-migrate-meta-layouts":"set","footnotes":""},"_links":{"self":[{"href":"https:\/\/semimarathoncouleeverte.espritrun.fr\/index.php?rest_route=\/wp\/v2\/pages\/1379"}],"collection":[{"href":"https:\/\/semimarathoncouleeverte.espritrun.fr\/index.php?rest_route=\/wp\/v2\/pages"}],"about":[{"href":"https:\/\/semimarathoncouleeverte.espritrun.fr\/index.php?rest_route=\/wp\/v2\/types\/page"}],"author":[{"embeddable":true,"href":"https:\/\/semimarathoncouleeverte.espritrun.fr\/index.php?rest_route=\/wp\/v2\/users\/1"}],"replies":[{"embeddable":true,"href":"https:\/\/semimarathoncouleeverte.espritrun.fr\/index.php?rest_route=%2Fwp%2Fv2%2Fcomments&post=1379"}],"version-history":[{"count":20,"href":"https:\/\/semimarathoncouleeverte.espritrun.fr\/index.php?rest_route=\/wp\/v2\/pages\/1379\/revisions"}],"predecessor-version":[{"id":1411,"href":"https:\/\/semimarathoncouleeverte.espritrun.fr\/index.php?rest_route=\/wp\/v2\/pages\/1379\/revisions\/1411"}],"wp:attachment":[{"href":"https:\/\/semimarathoncouleeverte.espritrun.fr\/index.php?rest_route=%2Fwp%2Fv2%2Fmedia&parent=1379"}],"curies":[{"name":"wp","href":"https:\/\/api.w.org\/{rel}","templated":true}]}}