{"id":1517,"date":"2026-03-08T15:59:12","date_gmt":"2026-03-08T14:59:12","guid":{"rendered":"https:\/\/semimarathoncouleeverte.espritrun.fr\/?page_id=1517"},"modified":"2026-03-10T19:04:17","modified_gmt":"2026-03-10T18:04:17","slug":"photos-2026","status":"publish","type":"page","link":"https:\/\/semimarathoncouleeverte.espritrun.fr\/?page_id=1517","title":{"rendered":"Photos 2026"},"content":{"rendered":"\n<p class=\"has-ast-global-color-5-color has-ast-global-color-7-background-color has-text-color has-background has-medium-font-size\"><strong>Vid\u00e9o du d\u00e9part<\/strong><\/p>\n\n\n\n<div class=\"wp-block-media-text is-stacked-on-mobile\" style=\"margin-top:0;margin-right:var(--wp--preset--spacing--30);margin-bottom:0;margin-left:var(--wp--preset--spacing--30);font-size:0px;grid-template-columns:33% auto\"><figure class=\"wp-block-media-text__media\"><video controls src=\"https:\/\/semimarathoncouleeverte.espritrun.fr\/wp-content\/uploads\/2026\/03\/REEL_START-1.mov\"><\/video><\/figure><div class=\"wp-block-media-text__content\">\n<p class=\"has-small-font-size\">D\u00e9part 2026 : <br><a href=\"https:\/\/drive.google.com\/file\/d\/1VTdO0EngMw6WrwRFv-mUh7dDOozJZ2_9\/view\">https:\/\/drive.google.com\/file\/d\/1VTdO0EngMw6WrwRFv-mUh7dDOozJZ2_9\/view<\/a><\/p>\n<\/div><\/div>\n\n\n\n<div style=\"height:100px\" aria-hidden=\"true\" class=\"wp-block-spacer\"><\/div>\n\n\n\n<p class=\"has-ast-global-color-5-color has-ast-global-color-7-background-color has-text-color has-background has-medium-font-size\"><strong>Photos Spicto (Spicto.com)<\/strong><\/p>\n\n\n\n<div class=\"wp-block-media-text is-stacked-on-mobile\"><figure class=\"wp-block-media-text__media\"><img loading=\"lazy\" decoding=\"async\" width=\"628\" height=\"471\" src=\"https:\/\/semimarathoncouleeverte.espritrun.fr\/wp-content\/uploads\/2026\/03\/image_2026-03-08_162146873.png\" alt=\"\" class=\"wp-image-1529 size-full\" srcset=\"https:\/\/semimarathoncouleeverte.espritrun.fr\/wp-content\/uploads\/2026\/03\/image_2026-03-08_162146873.png 628w, https:\/\/semimarathoncouleeverte.espritrun.fr\/wp-content\/uploads\/2026\/03\/image_2026-03-08_162146873-300x225.png 300w\" sizes=\"(max-width: 628px) 100vw, 628px\" \/><\/figure><div class=\"wp-block-media-text__content\">\n<p><a href=\"https:\/\/spicto.com\/events\/semi-marathon-de-la-coulee-verte-08-03-2026\">https:\/\/spicto.com\/events\/semi-marathon-de-la-coulee-verte-08-03-2026<\/a><\/p>\n<\/div><\/div>\n\n\n\n<div style=\"height:27px\" aria-hidden=\"true\" class=\"wp-block-spacer\"><\/div>\n\n\n\n<p class=\"has-ast-global-color-5-color has-ast-global-color-7-background-color has-text-color has-background has-medium-font-size\"><strong><strong>Photos de Jean Philippe Boutillier<\/strong><\/strong> (JPH Serialtraileurs)<\/p>\n\n\n\n<div class=\"wp-block-columns is-layout-flex wp-container-core-columns-is-layout-1 wp-block-columns-is-layout-flex\">\n<div class=\"wp-block-column is-layout-flow wp-block-column-is-layout-flow\"><p><iframe loading=\"lazy\" src=\"https:\/\/www.facebook.com\/plugins\/post.php?href=https%3A%2F%2Fwww.facebook.com%2Fjphb.serialtraileurs%2Fposts%2Fpfbid02K3XQRZo3fwvV4eqbm2YF1D4XLgojnGBsXip9k9u7Q3rdNfhX934EDtbdT76hMzoYl&#038;show_text=true&#038;width=500\" width=\"500\" height=\"580\" style=\"border:none;overflow:hidden\" scrolling=\"no\" frameborder=\"0\" allowfullscreen=\"true\" allow=\"autoplay; clipboard-write; encrypted-media; picture-in-picture; web-share\"><\/iframe><\/p>\n<\/div>\n\n\n\n<div class=\"wp-block-column is-layout-flow wp-block-column-is-layout-flow\"><p><iframe loading=\"lazy\" src=\"https:\/\/www.facebook.com\/plugins\/post.php?href=https%3A%2F%2Fwww.facebook.com%2Fjphb.serialtraileurs%2Fposts%2Fpfbid02CeksEk7HhSzuyGBTosZFVAqf9c5dXosYYUt9tremn1uyN5wuG82BTxBK4jgA4eBvl&#038;show_text=true&#038;width=500\" width=\"500\" height=\"599\" style=\"border:none;overflow:hidden\" scrolling=\"no\" frameborder=\"0\" allowfullscreen=\"true\" allow=\"autoplay; clipboard-write; encrypted-media; picture-in-picture; web-share\"><\/iframe><\/p>\n<\/div>\n\n\n\n<div class=\"wp-block-column is-layout-flow wp-block-column-is-layout-flow\"><p><iframe loading=\"lazy\" src=\"https:\/\/www.facebook.com\/plugins\/post.php?href=https%3A%2F%2Fwww.facebook.com%2Fjphb.serialtraileurs%2Fposts%2Fpfbid02bBnPD38vavXqW3ExpBztxvxmxAgtt8dFhhvfg9DWw8Dq2nhbBAtWEAMUMsZqEWUpl&#038;show_text=true&#038;width=500\" width=\"500\" height=\"560\" style=\"border:none;overflow:hidden\" scrolling=\"no\" frameborder=\"0\" allowfullscreen=\"true\" allow=\"autoplay; clipboard-write; encrypted-media; picture-in-picture; web-share\"><\/iframe><\/p>\n<\/div>\n<\/div>\n\n\n\n<div class=\"wp-block-columns is-layout-flex wp-container-core-columns-is-layout-2 wp-block-columns-is-layout-flex\">\n<div class=\"wp-block-column is-layout-flow wp-block-column-is-layout-flow\"><p><iframe loading=\"lazy\" src=\"https:\/\/www.facebook.com\/plugins\/post.php?href=https%3A%2F%2Fwww.facebook.com%2Fjphb.serialtraileurs%2Fposts%2Fpfbid02VEu2K1genzos24yqBrFbst4Q7ec7XYgFLoAtVsmCCoY5Zf6tTJTxir8VpPfCSxJil&#038;show_text=true&#038;width=500\" width=\"500\" height=\"599\" style=\"border:none;overflow:hidden\" scrolling=\"no\" frameborder=\"0\" allowfullscreen=\"true\" allow=\"autoplay; clipboard-write; encrypted-media; picture-in-picture; web-share\"><\/iframe><\/p>\n<\/div>\n\n\n\n<div class=\"wp-block-column is-layout-flow wp-block-column-is-layout-flow\"><p><iframe loading=\"lazy\" src=\"https:\/\/www.facebook.com\/plugins\/post.php?href=https%3A%2F%2Fwww.facebook.com%2Fjphb.serialtraileurs%2Fposts%2Fpfbid05yHFx8rB7c9haiQr5JotHZLVPTdWuyu2FcRRBpeZDaNgiGKj5CwGeuXXHzpY48Til&#038;show_text=true&#038;width=500\" width=\"500\" height=\"541\" style=\"border:none;overflow:hidden\" scrolling=\"no\" frameborder=\"0\" allowfullscreen=\"true\" allow=\"autoplay; clipboard-write; encrypted-media; picture-in-picture; web-share\"><\/iframe><\/p>\n<\/div>\n\n\n\n<div class=\"wp-block-column is-layout-flow wp-block-column-is-layout-flow\"><p><iframe loading=\"lazy\" src=\"https:\/\/www.facebook.com\/plugins\/post.php?href=https%3A%2F%2Fwww.facebook.com%2Fjphb.serialtraileurs%2Fposts%2Fpfbid02iKafXR7BrkWtZKfhSpdqj6yL1f1ZNH93ULvMrrmT4cksZphkeUG8uHcjyD931zScl&#038;show_text=true&#038;width=500\" width=\"500\" height=\"560\" style=\"border:none;overflow:hidden\" scrolling=\"no\" frameborder=\"0\" allowfullscreen=\"true\" allow=\"autoplay; clipboard-write; encrypted-media; picture-in-picture; web-share\"><\/iframe><\/p>\n<\/div>\n<\/div>\n\n\n\n<div class=\"wp-block-columns is-layout-flex wp-container-core-columns-is-layout-3 wp-block-columns-is-layout-flex\">\n<div class=\"wp-block-column is-layout-flow wp-block-column-is-layout-flow\"><p><iframe loading=\"lazy\" src=\"https:\/\/www.facebook.com\/plugins\/post.php?href=https%3A%2F%2Fwww.facebook.com%2Fjphb.serialtraileurs%2Fposts%2Fpfbid02iKafXR7BrkWtZKfhSpdqj6yL1f1ZNH93ULvMrrmT4cksZphkeUG8uHcjyD931zScl&#038;show_text=true&#038;width=500\" width=\"500\" height=\"560\" style=\"border:none;overflow:hidden\" scrolling=\"no\" frameborder=\"0\" allowfullscreen=\"true\" allow=\"autoplay; clipboard-write; encrypted-media; picture-in-picture; web-share\"><\/iframe><\/p>\n<\/div>\n\n\n\n<div class=\"wp-block-column is-layout-flow wp-block-column-is-layout-flow\"><p><iframe loading=\"lazy\" src=\"https:\/\/www.facebook.com\/plugins\/post.php?href=https%3A%2F%2Fwww.facebook.com%2Fjphb.serialtraileurs%2Fposts%2Fpfbid0S995zMD5ebMr8NFZmPY5qLN3hfzyScUBad5PM9aj9pmzooRxCxHDmf6obZbXzeTwl&#038;show_text=true&#038;width=500\" width=\"500\" height=\"541\" style=\"border:none;overflow:hidden\" scrolling=\"no\" frameborder=\"0\" allowfullscreen=\"true\" allow=\"autoplay; clipboard-write; encrypted-media; picture-in-picture; web-share\"><\/iframe><\/p>\n<\/div>\n\n\n\n<div class=\"wp-block-column is-layout-flow wp-block-column-is-layout-flow\"><p><iframe loading=\"lazy\" src=\"https:\/\/www.facebook.com\/plugins\/post.php?href=https%3A%2F%2Fwww.facebook.com%2Fjphb.serialtraileurs%2Fposts%2Fpfbid0CD6RBaHWodBVJbMMYJwfEg4t7kceG4oYi9Ni3Q8tomF8A4qoYZCcWWTNqV2Q3yHNl&#038;show_text=true&#038;width=500\" width=\"500\" height=\"522\" style=\"border:none;overflow:hidden\" scrolling=\"no\" frameborder=\"0\" allowfullscreen=\"true\" allow=\"autoplay; clipboard-write; encrypted-media; picture-in-picture; web-share\"><\/iframe><\/p>\n<\/div>\n<\/div>\n\n\n\n<div class=\"wp-block-columns is-layout-flex wp-container-core-columns-is-layout-4 wp-block-columns-is-layout-flex\">\n<div class=\"wp-block-column is-layout-flow wp-block-column-is-layout-flow\"><p><iframe loading=\"lazy\" src=\"https:\/\/www.facebook.com\/plugins\/post.php?href=https%3A%2F%2Fwww.facebook.com%2Fjphb.serialtraileurs%2Fposts%2Fpfbid0VCc7cT1kQfo29hzStS2gh9rZ8hHngnDrWLKWNNHRNqsthxitcfRUZK5ndVt1oLYyl&#038;show_text=true&#038;width=500\" width=\"500\" height=\"560\" style=\"border:none;overflow:hidden\" scrolling=\"no\" frameborder=\"0\" allowfullscreen=\"true\" allow=\"autoplay; clipboard-write; encrypted-media; picture-in-picture; web-share\"><\/iframe><\/p>\n<\/div>\n\n\n\n<div class=\"wp-block-column is-layout-flow wp-block-column-is-layout-flow\"><p><iframe loading=\"lazy\" src=\"https:\/\/www.facebook.com\/plugins\/post.php?href=https%3A%2F%2Fwww.facebook.com%2Fjphb.serialtraileurs%2Fposts%2Fpfbid0okKrEj9prELBePkuSyirindL4uSLaY6FnzsTdLDyGBkhxZmD2mqqN1Zp7A5nqkLTl&#038;show_text=true&#038;width=500\" width=\"500\" height=\"560\" style=\"border:none;overflow:hidden\" scrolling=\"no\" frameborder=\"0\" allowfullscreen=\"true\" allow=\"autoplay; clipboard-write; encrypted-media; picture-in-picture; web-share\"><\/iframe><\/p>\n<\/div>\n\n\n\n<div class=\"wp-block-column is-layout-flow wp-block-column-is-layout-flow\"><p><iframe loading=\"lazy\" src=\"https:\/\/www.facebook.com\/plugins\/post.php?href=https%3A%2F%2Fwww.facebook.com%2Fjphb.serialtraileurs%2Fposts%2Fpfbid0NZXmqqpQyeBGGUHyYJHKy6m6YSZch6kxgq8TsTRmambWDeRpWdNSHgExWDomxAQYl&#038;show_text=true&#038;width=500\" width=\"500\" height=\"541\" style=\"border:none;overflow:hidden\" scrolling=\"no\" frameborder=\"0\" allowfullscreen=\"true\" allow=\"autoplay; clipboard-write; encrypted-media; picture-in-picture; web-share\"><\/iframe><\/p>\n<\/div>\n<\/div>\n\n\n\n<div class=\"wp-block-columns is-layout-flex wp-container-core-columns-is-layout-5 wp-block-columns-is-layout-flex\">\n<div class=\"wp-block-column is-layout-flow wp-block-column-is-layout-flow\"><p><iframe loading=\"lazy\" src=\"https:\/\/www.facebook.com\/plugins\/post.php?href=https%3A%2F%2Fwww.facebook.com%2Fjphb.serialtraileurs%2Fposts%2Fpfbid0LHAjtD5Zo4x4LR3f5zR7gJGXC8zUQozT6MNKxYxeBuwmAiHHGKAVNySyhN9bM36Vl&#038;show_text=true&#038;width=500\" width=\"500\" height=\"541\" style=\"border:none;overflow:hidden\" scrolling=\"no\" frameborder=\"0\" allowfullscreen=\"true\" allow=\"autoplay; clipboard-write; encrypted-media; picture-in-picture; web-share\"><\/iframe><\/p>\n<\/div>\n\n\n\n<div class=\"wp-block-column is-layout-flow wp-block-column-is-layout-flow\"><\/div>\n\n\n\n<div class=\"wp-block-column is-layout-flow wp-block-column-is-layout-flow\"><\/div>\n<\/div>\n","protected":false},"excerpt":{"rendered":"<p>Vid\u00e9o du d\u00e9part D\u00e9part 2026 : https:\/\/drive.google.com\/file\/d\/1VTdO0EngMw6WrwRFv-mUh7dDOozJZ2_9\/view Photos Spicto (Spicto.com) https:\/\/spicto.com\/events\/semi-marathon-de-la-coulee-verte-08-03-2026 Photos de Jean Philippe Boutillier (JPH Serialtraileurs)<\/p>\n","protected":false},"author":1,"featured_media":0,"parent":0,"menu_order":0,"comment_status":"closed","ping_status":"closed","template":"","meta":{"site-sidebar-layout":"default","site-content-layout":"","ast-site-content-layout":"default","site-content-style":"default","site-sidebar-style":"default","ast-global-header-display":"","ast-banner-title-visibility":"","ast-main-header-display":"","ast-hfb-above-header-display":"","ast-hfb-below-header-display":"","ast-hfb-mobile-header-display":"","site-post-title":"","ast-breadcrumbs-content":"","ast-featured-img":"","footer-sml-layout":"","theme-transparent-header-meta":"","adv-header-id-meta":"","stick-header-meta":"","header-above-stick-meta":"","header-main-stick-meta":"","header-below-stick-meta":"","astra-migrate-meta-layouts":"set","footnotes":""},"_links":{"self":[{"href":"https:\/\/semimarathoncouleeverte.espritrun.fr\/index.php?rest_route=\/wp\/v2\/pages\/1517"}],"collection":[{"href":"https:\/\/semimarathoncouleeverte.espritrun.fr\/index.php?rest_route=\/wp\/v2\/pages"}],"about":[{"href":"https:\/\/semimarathoncouleeverte.espritrun.fr\/index.php?rest_route=\/wp\/v2\/types\/page"}],"author":[{"embeddable":true,"href":"https:\/\/semimarathoncouleeverte.espritrun.fr\/index.php?rest_route=\/wp\/v2\/users\/1"}],"replies":[{"embeddable":true,"href":"https:\/\/semimarathoncouleeverte.espritrun.fr\/index.php?rest_route=%2Fwp%2Fv2%2Fcomments&post=1517"}],"version-history":[{"count":13,"href":"https:\/\/semimarathoncouleeverte.espritrun.fr\/index.php?rest_route=\/wp\/v2\/pages\/1517\/revisions"}],"predecessor-version":[{"id":1551,"href":"https:\/\/semimarathoncouleeverte.espritrun.fr\/index.php?rest_route=\/wp\/v2\/pages\/1517\/revisions\/1551"}],"wp:attachment":[{"href":"https:\/\/semimarathoncouleeverte.espritrun.fr\/index.php?rest_route=%2Fwp%2Fv2%2Fmedia&parent=1517"}],"curies":[{"name":"wp","href":"https:\/\/api.w.org\/{rel}","templated":true}]}}