{"id":417,"date":"2021-09-24T14:29:33","date_gmt":"2021-09-24T12:29:33","guid":{"rendered":"https:\/\/semimarathoncouleeverte.espritrun.fr\/?page_id=417"},"modified":"2021-10-16T16:13:06","modified_gmt":"2021-10-16T14:13:06","slug":"mentions-legales","status":"publish","type":"page","link":"https:\/\/semimarathoncouleeverte.espritrun.fr\/?page_id=417","title":{"rendered":"Mentions l\u00e9gales"},"content":{"rendered":"\n<p>Conform\u00e9ment \u00e0 la mise place du RGPD en vigueur le 24 mai 2018, les informations vous concernant sont destin\u00e9es \u00e0 Esprit Run, responsable du traitement. Vous disposez d\u2019un droit d\u2019acc\u00e8s, de rectification et de suppression des donn\u00e9es qui vous concernent. Vous pouvez exercer ce droit en adressant un e-mail \u00e0 l\u2019adresse \u00e9lectronique suivante :&nbsp;espritrun80@gmail.com<\/p>\n\n\n\n<p>Les informations fournies seront exploit\u00e9es de mani\u00e8re anonyme et non nominatives \u00e0 des fins d\u2019analyse et de statistique.<\/p>\n\n\n\n<p>En vous connectant \u00e0 ce site \u00e9dit\u00e9 et mis en ligne par Esprit Run, vous acc\u00e9dez \u00e0 un contenu prot\u00e9g\u00e9 par la loi, notamment par les dispositions du Code de la propri\u00e9t\u00e9 intellectuelle.<\/p>\n\n\n\n<p>Les marques de l\u2019\u00e9diteur du site ESPRIT RUN et de ses partenaires, ainsi que les logos figurant sur le site sont des marques d\u00e9pos\u00e9es. Le t\u00e9l\u00e9chargement de tout ou partie des textes, images, sons, photographies, donn\u00e9es, marques et tout autre \u00e9l\u00e9ment contenu est autoris\u00e9 \u00e0 des fins strictement priv\u00e9es, dans le cadre scolaire ou pour un usage non commercial.<\/p>\n\n\n\n<p>ESPRIT RUN n\u2019autorise qu\u2019un usage strictement personnel des donn\u00e9es, informations ou contenus auxquels vous acc\u00e9dez, limit\u00e9 \u00e0 un enregistrement temporaire sur votre ordinateur aux fins d\u2019affichage sur un seul \u00e9cran ainsi que la reproduction, en un unique exemplaire, pour copie de sauvegarde ou impression sur papier.<\/p>\n\n\n\n<p>Toute autre utilisation est soumise \u00e0 notre autorisation expresse pr\u00e9alable. En poursuivant votre visite de notre site vous acceptez de respecter les restrictions ci-dessus.<\/p>\n\n\n\n<p>Le contenu g\u00e9n\u00e9r\u00e9 par des tiers (utilisateurs, partenaires) est sous leur enti\u00e8re responsabilit\u00e9.<\/p>\n\n\n\n<p>ESPRIT RUN se r\u00e9serve le droit de modifier, \u00e0 tout moment et sans pr\u00e9avis, le contenu de ce site. En outre, ESPRIT RUN d\u00e9cline toute responsabilit\u00e9 en cas de retard, d\u2019erreur ou d\u2019omission quant au contenu des pr\u00e9sentes pages de m\u00eame qu\u2019en cas d\u2019interruption ou de non-disponibilit\u00e9 du service.<\/p>\n\n\n\n<p>La cr\u00e9ation de liens hypertextes vers le site de ESPRIT RUN ainsi que les liens hypertextes \u00e9tablis en direction d\u2019autres sites \u00e0 partir du site de ESPRIT RUN n\u2019engagent pas la responsabilit\u00e9 de ESPRIT RUN<\/p>\n\n\n\n<p>Droits de reproduction et de diffusion r\u00e9serv\u00e9s \u00a9<\/p>\n\n\n\n<h3 class=\"wp-block-heading\">Conditions G\u00e9n\u00e9rales d\u2019Utilisation<\/h3>\n\n\n\n<p>Les conditions g\u00e9n\u00e9rales d\u2019utilisation du site sont disponibles \u00e0 ces adresses<\/p>\n\n\n\n<h3 class=\"wp-block-heading\">Mentions l\u00e9gales<\/h3>\n\n\n\n<p>ESPRIT RUN<br>Si\u00e8ge social :\u00a012 RUE FREDERIC PETIT 80000 AMIENS<\/p>\n\n\n\n<p>Association enregistr\u00e9e sous le num\u00e9ro&nbsp;&nbsp;51266640500034<\/p>\n\n\n\n<p>Repr\u00e9sentant L\u00e9gal : M. Guillaume Brianchon, Pr\u00e9sident du club<\/p>\n\n\n\n<p>H\u00e9bergeur :<br>OVH<br>SAS au capital de 10 069 020 \u20ac<br>RCS Lille M\u00e9tropole 424 761 419 00045<br>Code APE 2620Z<br>N\u00b0 TVA : FR 22 424 761 419<br>Si\u00e8ge social : 2 rue Kellermann \u2013 59100 Roubaix \u2013 France<\/p>\n","protected":false},"excerpt":{"rendered":"<p>Conform\u00e9ment \u00e0 la mise place du RGPD en vigueur le 24 mai 2018, les informations vous concernant sont destin\u00e9es \u00e0 Esprit Run, responsable du traitement. Vous disposez d\u2019un droit d\u2019acc\u00e8s, de rectification et de suppression des donn\u00e9es qui vous concernent. Vous pouvez exercer ce droit en adressant un e-mail \u00e0 l\u2019adresse \u00e9lectronique suivante :&nbsp;espritrun80@gmail.com Les &hellip;<\/p>\n<p class=\"read-more\"> <a class=\"\" href=\"https:\/\/semimarathoncouleeverte.espritrun.fr\/?page_id=417\"> <span class=\"screen-reader-text\">Mentions l\u00e9gales<\/span> Lire la suite\u00a0\u00bb<\/a><\/p>\n","protected":false},"author":1,"featured_media":0,"parent":0,"menu_order":0,"comment_status":"closed","ping_status":"closed","template":"","meta":{"site-sidebar-layout":"default","site-content-layout":"default","ast-site-content-layout":"","site-content-style":"default","site-sidebar-style":"default","ast-global-header-display":"","ast-banner-title-visibility":"","ast-main-header-display":"","ast-hfb-above-header-display":"","ast-hfb-below-header-display":"","ast-hfb-mobile-header-display":"","site-post-title":"","ast-breadcrumbs-content":"","ast-featured-img":"","footer-sml-layout":"","theme-transparent-header-meta":"default","adv-header-id-meta":"","stick-header-meta":"","header-above-stick-meta":"","header-main-stick-meta":"","header-below-stick-meta":"","astra-migrate-meta-layouts":"","footnotes":""},"_links":{"self":[{"href":"https:\/\/semimarathoncouleeverte.espritrun.fr\/index.php?rest_route=\/wp\/v2\/pages\/417"}],"collection":[{"href":"https:\/\/semimarathoncouleeverte.espritrun.fr\/index.php?rest_route=\/wp\/v2\/pages"}],"about":[{"href":"https:\/\/semimarathoncouleeverte.espritrun.fr\/index.php?rest_route=\/wp\/v2\/types\/page"}],"author":[{"embeddable":true,"href":"https:\/\/semimarathoncouleeverte.espritrun.fr\/index.php?rest_route=\/wp\/v2\/users\/1"}],"replies":[{"embeddable":true,"href":"https:\/\/semimarathoncouleeverte.espritrun.fr\/index.php?rest_route=%2Fwp%2Fv2%2Fcomments&post=417"}],"version-history":[{"count":6,"href":"https:\/\/semimarathoncouleeverte.espritrun.fr\/index.php?rest_route=\/wp\/v2\/pages\/417\/revisions"}],"predecessor-version":[{"id":522,"href":"https:\/\/semimarathoncouleeverte.espritrun.fr\/index.php?rest_route=\/wp\/v2\/pages\/417\/revisions\/522"}],"wp:attachment":[{"href":"https:\/\/semimarathoncouleeverte.espritrun.fr\/index.php?rest_route=%2Fwp%2Fv2%2Fmedia&parent=417"}],"curies":[{"name":"wp","href":"https:\/\/api.w.org\/{rel}","templated":true}]}}