{"id":424,"date":"2021-09-24T14:49:28","date_gmt":"2021-09-24T12:49:28","guid":{"rendered":"https:\/\/semimarathoncouleeverte.espritrun.fr\/?page_id=424"},"modified":"2021-10-16T16:18:17","modified_gmt":"2021-10-16T14:18:17","slug":"politique-de-confidentialite-2","status":"publish","type":"page","link":"https:\/\/semimarathoncouleeverte.espritrun.fr\/?page_id=424","title":{"rendered":"Politique de confidentialit\u00e9"},"content":{"rendered":"\n<h3 class=\"wp-block-heading\">\u2013 D\u00e9finition et nature des donn\u00e9es \u00e0 caract\u00e8re personnel<\/h3>\n\n\n\n<p>Lors de votre utilisation du site internet accessible \u00e0 l\u2019adresse&nbsp; <a href=\"https:\/\/semimarathoncouleeverte.espritrun.fr\" target=\"_blank\" rel=\"noreferrer noopener\">www.semimarthoncouleeverte.esprtirun.fr<\/a> ou sur une \u201c<em>Plateforme<\/em>\u201c, qui nous permet de g\u00e9rer les adh\u00e9sions, nous pouvons \u00eatre amen\u00e9s \u00e0 vous demander de nous communiquer des donn\u00e9es \u00e0 caract\u00e8re personnel vous concernant, d\u00e9signant toutes les donn\u00e9es qui permettent d\u2019identifier un individu directement ou indirectement.<\/p>\n\n\n\n<p>Dans ce cadre, nous collectons les donn\u00e9es suivantes :<\/p>\n\n\n\n<hr class=\"wp-block-separator\"\/>\n\n\n\n<h3 class=\"wp-block-heading\">1.1 \u2013 Information que vous nous communiquez<\/h3>\n\n\n\n<p>Pour la bonne ex\u00e9cution des services que nous proposons dans le cadre de nos activit\u00e9s sportives, et notamment les services de paiement, nous collectons les donn\u00e9es suivantes :<\/p>\n\n\n\n<h4 class=\"wp-block-heading\">Pour les contributeurs :<\/h4>\n\n\n\n<ul><li><strong>informations permettant votre identification<\/strong>&nbsp;lors de l\u2019ouverture de votre compte ou de la r\u00e9alisation d\u2019un paiement : nom, pr\u00e9nom, adresse e-mail, adresse postale, nationalit\u00e9, date de naissance ;<\/li><li><strong>toutes informations strictement r\u00e9serv\u00e9es \u00e0 la bonne ex\u00e9cution de nos activit\u00e9s (taille de maillot, taille pour les batons, )<\/strong><\/li><\/ul>\n\n\n\n<hr class=\"wp-block-separator\"\/>\n\n\n\n<h3 class=\"wp-block-heading\">1.2 \u2013 Information que nous collectons automatiquement lors de votre utilisation du site<\/h3>\n\n\n\n<p>Lors de votre utilisation du site pour la bonne ex\u00e9cution des services, nous sommes \u00e9galement susceptibles de collecter des donn\u00e9es \u00e0 caract\u00e8re personnel vous concernant, de mani\u00e8re automatique par l\u2019interm\u00e9diaire des outils et services propos\u00e9s sur le site<\/p>\n\n\n\n<h3 class=\"wp-block-heading\">2 \u2013 Objet de la pr\u00e9sente charte<\/h3>\n\n\n\n<p>La pr\u00e9sente charte a pour objet de vous informer sur les moyens que nous mettons en \u0153uvre pour collecter et traiter vos donn\u00e9es \u00e0 caract\u00e8re personnel, dans le respect le plus strict de vos droits.<\/p>\n\n\n\n<p>Nous vous indiquons \u00e0 ce sujet que nous nous conformons, dans la collecte et la gestion de vos donn\u00e9es \u00e0 caract\u00e8re personnel, \u00e0 la loi n\u00b0 78-17 du 6 janvier 1978 relative \u00e0 l\u2019informatique, aux fichiers et aux libert\u00e9s, dans sa version actuelle, ainsi qu\u2019au R\u00e8glement g\u00e9n\u00e9ral de protection des donn\u00e9es (ci-apr\u00e8s \u201c<em>RGPD<\/em>\u201c).<\/p>\n\n\n\n<h3 class=\"wp-block-heading\">3 \u2013 Identit\u00e9 du responsable de la collecte et du traitement de donn\u00e9es<\/h3>\n\n\n\n<p>Le responsable de la collecte et du traitement de vos donn\u00e9es \u00e0 caract\u00e8re personnel est l\u2019association ESPRIT RUN, association sportive ESPRIT RUN, 12 RUE FREDERIC PETIT 80000 AMIENS enregistr\u00e9 sous le num\u00e9ros SIRET 51266640500034<\/p>\n\n\n\n<h3 class=\"wp-block-heading\">4 \u2013 Collecte et traitement des donn\u00e9es \u00e0 caract\u00e8re personnel<\/h3>\n\n\n\n<p>Vos donn\u00e9es \u00e0 caract\u00e8re personnel sont collect\u00e9es et trait\u00e9es pour r\u00e9pondre \u00e0 une ou plusieurs des finalit\u00e9s suivantes :<\/p>\n\n\n\n<ul><li>G\u00e9rer votre acc\u00e8s sur le site et aux services accessibles et leur utilisation, ainsi que r\u00e9pondre \u00e0 toute demande concernant votre utilisation des services,<\/li><li>Effectuer les op\u00e9rations relatives \u00e0 la gestion et au suivi de nos relations avec les utilisateurs, Organisme FFA<\/li><li>Constituer un fichier de membres inscrits<\/li><li>Adresser des newsletters ou tous messages informatifs relatifs \u00e0 notre actualit\u00e9. Dans le cas o\u00f9 vous ne le souhaiteriez pas, nous vous donnons la facult\u00e9 d\u2019exprimer votre refus \u00e0 ce sujet lors de la collecte de vos donn\u00e9es ;<\/li><li>Respecter nos obligations l\u00e9gales et r\u00e9glementaires, notamment en mati\u00e8re de lutte contre la fraude bancaire. A ce titre, nous avons notamment l\u2019obligation de v\u00e9rifier ou d\u2019authentifier vos informations collect\u00e9es lors des op\u00e9rations de paiement.<\/li><\/ul>\n\n\n\n<p>Nous vous informons, lors de la collecte de vos donn\u00e9es personnelles, si certaines donn\u00e9es doivent \u00eatre obligatoirement renseign\u00e9es ou si elles sont facultatives. Nous vous indiquons \u00e9galement quelles sont les cons\u00e9quences \u00e9ventuelles d\u2019un d\u00e9faut de r\u00e9ponse.<\/p>\n\n\n\n<h3 class=\"wp-block-heading\">5 \u2013 Destinataires des donn\u00e9es collect\u00e9es et trait\u00e9es<\/h3>\n\n\n\n<p>Les membres du bureau, la FFA (pour l\u2019enregistrement officielle des licences) auront acc\u00e8s \u00e0 vos donn\u00e9es \u00e0 caract\u00e8re personnel.<\/p>\n\n\n\n<p>La FFA pourra les utiliser pour les m\u00eames finalit\u00e9s et sous les m\u00eames conditions que celles vis\u00e9es dans la pr\u00e9sente Charte. Il reste toutefois seul et uniquement responsable du respect de ses obligations l\u00e9gales et d\u00e9claratives dans le cadre du traitement de vos donn\u00e9es \u00e0 caract\u00e8re personnel qu\u2019il effectue par lui-m\u00eame, avec ses propres moyens et pour ses seuls besoins. Nous ne sommes responsables que de notre utilisation de vos donn\u00e9es \u00e0 caract\u00e8re personnel, \u00e0 l\u2019exclusion de toutes autres utilisations effectu\u00e9es par l\u2019Organisme.<\/p>\n\n\n\n<p>Peuvent \u00e9galement \u00eatre destinataires de vos donn\u00e9es \u00e0 caract\u00e8re personnel les organismes publics, exclusivement pour r\u00e9pondre \u00e0 nos obligations l\u00e9gales, les auxiliaires de justice, les officiers minist\u00e9riels et les organismes charg\u00e9s d\u2019effectuer le recouvrement de cr\u00e9ances.<\/p>\n\n\n\n<h3 class=\"wp-block-heading\">6 \u2013 Cession des donn\u00e9es \u00e0 caract\u00e8re personnel<\/h3>\n\n\n\n<p>Vos donn\u00e9es \u00e0 caract\u00e8re personnel ne feront pas l\u2019objet de cessions, locations ou \u00e9changes au b\u00e9n\u00e9fice de tiers.<\/p>\n\n\n\n<p>Cependant, vous \u00eates inform\u00e9s que nous nous r\u00e9servons la possibilit\u00e9 de communiquer \u00e0 des tiers vos donn\u00e9es enti\u00e8rement anonymis\u00e9es et sous forme agr\u00e9g\u00e9e, c\u2019est-\u00e0-dire dans une forme ne permettant pas de vous identifier, de quelque mani\u00e8re que ce soit.<\/p>\n\n\n\n<h3 class=\"wp-block-heading\">7 \u2013 Dur\u00e9e de conservation des donn\u00e9es \u00e0 caract\u00e8re personnel<\/h3>\n\n\n\n<h4 class=\"wp-block-heading\">Concernant les donn\u00e9es relatives \u00e0 la gestion et au suivi des relations avec les utilisateurs de nos services :<\/h4>\n\n\n\n<p>Vos donn\u00e9es \u00e0 caract\u00e8re personnel ne seront pas conserv\u00e9es au-del\u00e0 de la dur\u00e9e strictement n\u00e9cessaire \u00e0 la gestion de notre relation avec vous. Toutefois, les donn\u00e9es permettant d\u2019\u00e9tablir la preuve d\u2019un droit ou d\u2019un contrat, devant \u00eatre conserv\u00e9es au titre du respect d\u2019une obligation l\u00e9gale, le seront pendant la dur\u00e9e pr\u00e9vue par la loi en vigueur.<\/p>\n\n\n\n<p>Nous conservons vos donn\u00e9es pendant un d\u00e9lai maximum de trois (3) ans \u00e0 compter de la collecte de vos donn\u00e9es ou du dernier contact \u00e9manant de l\u2019utilisateur ou de la fermeture de votre compte.<\/p>\n\n\n\n<h4 class=\"wp-block-heading\">Concernant la gestion des listes d\u2019opposition \u00e0 recevoir de la prospection :<\/h4>\n\n\n\n<p>Les informations permettant de prendre en compte votre droit d\u2019opposition sont conserv\u00e9es au minimum trois (3) ans \u00e0 compter de l\u2019exercice du droit d\u2019opposition.<\/p>\n\n\n\n<h4 class=\"wp-block-heading\">Concernant les statistiques de mesure d\u2019audience :<\/h4>\n\n\n\n<p>Les informations stock\u00e9es dans le terminal des utilisateurs ou tout autre \u00e9l\u00e9ment utilis\u00e9 pour identifier les utilisateurs et permettant leur tra\u00e7abilit\u00e9 ou fr\u00e9quentation ne seront pas conserv\u00e9es au-del\u00e0 de treize (13) mois.<\/p>\n\n\n\n<h4 class=\"wp-block-heading\">Concernant l\u2019archivage des donn\u00e9es relatives aux op\u00e9rations bancaires :<\/h4>\n\n\n\n<p>A l\u2019issue de la dur\u00e9e de conservation de vos donn\u00e9es telle que pr\u00e9cis\u00e9e ci-dessus, nous vous informons que nous archivons vos donn\u00e9es pendant un d\u00e9lai de deux (2) ans pour r\u00e9pondre \u00e0 nos obligations l\u00e9gales, notamment en termes de lutte contre la fraude bancaire et le blanchiment d\u2019argent.<\/p>\n\n\n\n<h3 class=\"wp-block-heading\">8 \u2013 S\u00e9curit\u00e9<\/h3>\n\n\n\n<p>Nous vous informons prendre toutes pr\u00e9cautions utiles, mesures organisationnelles et techniques appropri\u00e9es pour pr\u00e9server la s\u00e9curit\u00e9, l\u2019int\u00e9grit\u00e9 et la confidentialit\u00e9 de vos donn\u00e9es \u00e0 caract\u00e8re personnel et notamment, emp\u00eacher qu\u2019elles soient d\u00e9form\u00e9es, endommag\u00e9es ou que des tiers non autoris\u00e9s y aient acc\u00e8s.<\/p>\n\n\n\n<h3 class=\"wp-block-heading\">9 \u2013 H\u00e9bergement<\/h3>\n\n\n\n<p>Nous vous informons que vos donn\u00e9es sont conserv\u00e9es et stock\u00e9es, pendant toute la dur\u00e9e de leur conservation<\/p>\n\n\n\n<p>Vos donn\u00e9es ne feront l\u2019objet d\u2019aucun transfert en dehors de l\u2019Union europ\u00e9enne dans le cadre de l\u2019utilisation des services que nous vous proposons.<\/p>\n\n\n\n<h3 class=\"wp-block-heading\">10 \u2013 Cookies<\/h3>\n\n\n\n<p>Les cookies sont des fichiers textes, souvent crypt\u00e9s, stock\u00e9s dans votre navigateur. Ils sont cr\u00e9\u00e9s lorsque le navigateur d\u2019un utilisateur charge un site internet donn\u00e9 : le site envoie des informations au navigateur, qui cr\u00e9e alors un fichier texte. Chaque fois que l\u2019utilisateur revient sur le m\u00eame site, le navigateur r\u00e9cup\u00e8re ce fichier et l\u2019envoie au serveur du site internet.<\/p>\n\n\n\n<p>On peut distinguer trois types de cookies, qui n\u2019ont pas les m\u00eames finalit\u00e9s : les cookies techniques, les cookies des r\u00e9seaux sociaux et les cookies publicitaires :<\/p>\n\n\n\n<ul><li>Les cookies techniques sont utilis\u00e9s tout au long de votre navigation, afin de la faciliter et d\u2019ex\u00e9cuter certaines fonctions. Un cookie technique peut par exemple \u00eatre utilis\u00e9 pour m\u00e9moriser les r\u00e9ponses renseign\u00e9es dans un formulaire ou encore les pr\u00e9f\u00e9rences de l\u2019utilisateur s\u2019agissant de la langue ou de la pr\u00e9sentation d\u2019un site internet, lorsque de telles options sont disponibles.<\/li><li>Les cookies des r\u00e9seaux sociaux peuvent \u00eatre cr\u00e9\u00e9s par les plateformes sociales pour permettre aux concepteurs de sites internet de partager le contenu de leur site sur lesdites plateformes. Ces cookies peuvent notamment \u00eatre utilis\u00e9s par les plateformes sociales pour tracer la navigation des internautes sur le site internet concern\u00e9, qu\u2019ils utilisent ou non ces cookies.<\/li><li>Les cookies publicitaires peuvent \u00eatre cr\u00e9\u00e9s non seulement par le site internet sur lequel l\u2019utilisateur navigue, mais \u00e9galement par d\u2019autres sites internet diffusant des publicit\u00e9s, annonces, widgets ou autres \u00e9l\u00e9ments sur la page affich\u00e9e. Ces cookies peuvent notamment \u00eatre utilis\u00e9s pour effectuer de la publicit\u00e9 cibl\u00e9e, c\u2019est-\u00e0-dire de la publicit\u00e9 d\u00e9termin\u00e9e en fonction de la navigation de l\u2019utilisateur.<\/li><\/ul>\n\n\n\n<p>Nous utilisons des cookies techniques. Ceux-ci sont stock\u00e9s dans votre navigateur pour une p\u00e9riode de treize (13) mois.<\/p>\n\n\n\n<p>Nous utilisons des cookies des r\u00e9seaux sociaux. Ces cookies ne sont d\u00e9pos\u00e9s que si vous donnez votre accord. Vous pouvez vous informer sur leur nature, les accepter ou les refuser.<\/p>\n\n\n\n<p>Nous vous invitons par ailleurs \u00e0 consulter les politiques de protection de la vie priv\u00e9e des plateformes sociales \u00e0 l\u2019origine de ces cookies, pour prendre connaissance des finalit\u00e9s d\u2019utilisation des informations de navigation qu\u2019elles peuvent recueillir gr\u00e2ce \u00e0 ces cookies et des modalit\u00e9s d\u2019exercice de vos droits aupr\u00e8s de ces plateformes.<\/p>\n\n\n\n<p>Nous utilisons \u00e9galement des cookies publicitaires. Ces cookies ne sont d\u00e9pos\u00e9s que si vous donnez votre accord. Vous avez la possibilit\u00e9 de d\u00e9sactiver ces cookies dans les param\u00e8tres de votre navigateur web.<\/p>\n\n\n\n<p>Nous utilisons Google Analytics, qui est un outil statistique d\u2019analyse d\u2019audience qui g\u00e9n\u00e8re des cookies permettant de mesurer le nombre de visites sur la Plateforme, le nombre de pages vues et l\u2019activit\u00e9 des visiteurs. Votre adresse IP est \u00e9galement collect\u00e9e pour d\u00e9terminer la ville depuis laquelle vous vous connectez. La dur\u00e9e de conservation de ce cookie est mentionn\u00e9e \u00e0 l\u2019article 7 (v) de la pr\u00e9sente charte.<\/p>\n\n\n\n<p>Nous vous rappelons \u00e0 toutes fins utiles qu\u2019il vous est possible de vous opposer au d\u00e9p\u00f4t de cookies techniques et des cookies g\u00e9n\u00e9r\u00e9s par Google Analytics, en configurant votre navigateur. Un tel refus pourrait toutefois emp\u00eacher le bon fonctionnement de la Plateforme.<\/p>\n\n\n\n<h3 class=\"wp-block-heading\">11 \u2013 Consentement<\/h3>\n\n\n\n<p>Lorsque vous choisissez de communiquer vos donn\u00e9es \u00e0 caract\u00e8re personnel aux fins de l\u2019ex\u00e9cution des services que nous proposons par l\u2019interm\u00e9diaire de notre site, vous donnez express\u00e9ment votre consentement pour la collecte et le traitement de celles-ci conform\u00e9ment \u00e0 ce qui est \u00e9nonc\u00e9 \u00e0 la pr\u00e9sente charte et \u00e0 la l\u00e9gislation en vigueur.<\/p>\n\n\n\n<h3 class=\"wp-block-heading\">12 \u2013 Acc\u00e8s \u00e0 vos donn\u00e9es \u00e0 caract\u00e8re personnel<\/h3>\n\n\n\n<p>Conform\u00e9ment \u00e0 la loi n\u00b0 78-17 du 6 janvier 1978 relative \u00e0 l\u2019informatique, aux fichiers et aux libert\u00e9s, ainsi que de RGPD, vous disposez du droit d\u2019acc\u00e9der \u00e0 vos donn\u00e9es (article 15 du RGPD) pour en obtenir la communication et le cas \u00e9ch\u00e9ant en obtenir, la rectification ou l\u2019effacement (articles 16 et 17 du RGPD), \u00e0 travers un acc\u00e8s en ligne \u00e0 votre dossier. Vous pouvez \u00e9galement vous adresser \u00e0 :<\/p>\n\n\n\n<ul><li>adresse de courrier \u00e9lectronique :&nbsp;espritrun80@gmail.com<\/li><li>adresse de courrier postal : ESPRIT RUN, 12 RUE FREDERIC PETIT 80000 AMIENS<\/li><\/ul>\n\n\n\n<p>Il est rappel\u00e9 que toute personne peut, pour des motifs l\u00e9gitimes, demander la limitation au traitement des donn\u00e9es la concernant (article 18 du RGPD) ou s\u2019opposer audit traitement (articles 21 et 22 du RGPD).<\/p>\n\n\n\n<p>Nous vous informerons qu\u2019en cas de rectification ou effacement de vos donn\u00e9es \u00e0 caract\u00e8re personnel, ainsi que de limitation des traitements, r\u00e9alis\u00e9s suite \u00e0 une demande de votre part, nous notifierons lesdites modifications aux personnes auxquelles nous avons communiqu\u00e9s vos donn\u00e9es, \u00e0 moins qu\u2019une telle communication s\u2019av\u00e8re impossible (article 19 du RGPD).<\/p>\n\n\n\n<h3 class=\"wp-block-heading\">13 \u2013 Portabilit\u00e9 de vos donn\u00e9es \u00e0 caract\u00e8re personnel<\/h3>\n\n\n\n<p>Vous disposez d\u2019un droit \u00e0 la portabilit\u00e9 des donn\u00e9es \u00e0 caract\u00e8re personnel que vous nous aurez fournies, entendues comme les donn\u00e9es que vous avez d\u00e9clar\u00e9es activement et consciemment dans le cadre de l\u2019acc\u00e8s et de l\u2019utilisation des services, ainsi que des donn\u00e9es g\u00e9n\u00e9r\u00e9es par votre activit\u00e9 dans le cadre de l\u2019utilisation des services (article 20 du RGPD). Nous vous rappelons que ce droit ne porte pas sur les donn\u00e9es collect\u00e9es et trait\u00e9es sur une autre base l\u00e9gale que le consentement ou l\u2019ex\u00e9cution du contrat nous liant.<\/p>\n\n\n\n<p>Ce droit peut \u00eatre exerc\u00e9 gratuitement, \u00e0 tout moment, et notamment lors de la fermeture de votre compte, afin de r\u00e9cup\u00e9rer et de conserver vos donn\u00e9es \u00e0 caract\u00e8re personnel.<\/p>\n\n\n\n<p>Dans ce cadre, nous vous adresserons vos donn\u00e9es \u00e0 caract\u00e8re personnel, par tous moyens jug\u00e9s utiles, dans un format ouvert standard couramment utilis\u00e9 et lisible par machine, conform\u00e9ment \u00e0 l\u2019\u00e9tat de l\u2019art.<\/p>\n\n\n\n<h3 class=\"wp-block-heading\">14 \u2013 Introduction d\u2019une r\u00e9clamation devant une autorit\u00e9 de contr\u00f4le<\/h3>\n\n\n\n<p>Vous \u00eates \u00e9galement inform\u00e9s que vous disposez du droit d\u2019introduire une r\u00e9clamation aupr\u00e8s d\u2019une autorit\u00e9 de contr\u00f4le comp\u00e9tente, (la Commission Nationale Informatique et Libert\u00e9s pour la France), dans l\u2019Etat membre dans lequel se trouve votre r\u00e9sidence habituelle, votre lieu de travail ou le lieu o\u00f9 la violation de vos droits aurait \u00e9t\u00e9 commise, si vous consid\u00e9rez que le traitement de vos donn\u00e9es \u00e0 caract\u00e8re personnel objet de la pr\u00e9sente Charte constitue une violation des textes applicables.<\/p>\n\n\n\n<p>Ce recours pourra \u00eatre exerc\u00e9 sans pr\u00e9judice de tout autre recours devant une juridiction administrative ou juridictionnelle. En effet, vous disposez \u00e9galement d\u2019un droit \u00e0 un recours administratif ou juridictionnel effectif si vous consid\u00e9rez que le traitement de vos donn\u00e9es \u00e0 caract\u00e8re personnel objet de la pr\u00e9sente Charte constitue une violation des textes applicables.<\/p>\n\n\n\n<h3 class=\"wp-block-heading\">15 \u2013 Communication relative \u00e0 une violation de donn\u00e9es \u00e0 caract\u00e8re personnel<\/h3>\n\n\n\n<p>Si nous constatons une faille de s\u00e9curit\u00e9 dans le traitement de vos donn\u00e9es susceptibles d\u2019entra\u00eener un risque \u00e9lev\u00e9 pour vos droits et libert\u00e9s, nous vous en informerons dans les meilleurs d\u00e9lais (article 34 du RGPD). Nous vous d\u00e9taillerons \u00e0 cette occasion la nature de la violation rencontr\u00e9e et les mesures mises en place pour y mettre un terme.<\/p>\n\n\n\n<h3 class=\"wp-block-heading\">16 \u2013 Modifications<\/h3>\n\n\n\n<p>Nous nous r\u00e9servons le droit, \u00e0 notre seule discr\u00e9tion, de modifier \u00e0 tout moment la pr\u00e9sente charte, en totalit\u00e9 ou en partie. Ces modifications entreront en vigueur \u00e0 compter de la publication de la nouvelle charte. Votre utilisation de la Plateforme suite \u00e0 l\u2019entr\u00e9e en vigueur de ces modifications vaudra reconnaissance et acceptation de la nouvelle charte. A d\u00e9faut et si cette nouvelle charte ne vous convient pas, vous ne devrez plus acc\u00e9der \u00e0 la Plateforme.<\/p>\n\n\n\n<h3 class=\"wp-block-heading\">17 \u2013 Entr\u00e9e en vigueur<\/h3>\n\n\n\n<p>La pr\u00e9sente charte est entr\u00e9e en vigueur le&nbsp;<strong>24 Mai 2018<\/strong>.<\/p>\n","protected":false},"excerpt":{"rendered":"<p>\u2013 D\u00e9finition et nature des donn\u00e9es \u00e0 caract\u00e8re personnel Lors de votre utilisation du site internet accessible \u00e0 l\u2019adresse&nbsp; www.semimarthoncouleeverte.esprtirun.fr ou sur une \u201cPlateforme\u201c, qui nous permet de g\u00e9rer les adh\u00e9sions, nous pouvons \u00eatre amen\u00e9s \u00e0 vous demander de nous communiquer des donn\u00e9es \u00e0 caract\u00e8re personnel vous concernant, d\u00e9signant toutes les donn\u00e9es qui permettent d\u2019identifier &hellip;<\/p>\n<p class=\"read-more\"> <a class=\"\" href=\"https:\/\/semimarathoncouleeverte.espritrun.fr\/?page_id=424\"> <span class=\"screen-reader-text\">Politique de confidentialit\u00e9<\/span> Lire la suite\u00a0\u00bb<\/a><\/p>\n","protected":false},"author":1,"featured_media":0,"parent":0,"menu_order":0,"comment_status":"closed","ping_status":"closed","template":"","meta":{"site-sidebar-layout":"default","site-content-layout":"default","ast-site-content-layout":"","site-content-style":"default","site-sidebar-style":"default","ast-global-header-display":"","ast-banner-title-visibility":"","ast-main-header-display":"","ast-hfb-above-header-display":"","ast-hfb-below-header-display":"","ast-hfb-mobile-header-display":"","site-post-title":"","ast-breadcrumbs-content":"","ast-featured-img":"","footer-sml-layout":"","theme-transparent-header-meta":"default","adv-header-id-meta":"","stick-header-meta":"","header-above-stick-meta":"","header-main-stick-meta":"","header-below-stick-meta":"","astra-migrate-meta-layouts":"","footnotes":""},"_links":{"self":[{"href":"https:\/\/semimarathoncouleeverte.espritrun.fr\/index.php?rest_route=\/wp\/v2\/pages\/424"}],"collection":[{"href":"https:\/\/semimarathoncouleeverte.espritrun.fr\/index.php?rest_route=\/wp\/v2\/pages"}],"about":[{"href":"https:\/\/semimarathoncouleeverte.espritrun.fr\/index.php?rest_route=\/wp\/v2\/types\/page"}],"author":[{"embeddable":true,"href":"https:\/\/semimarathoncouleeverte.espritrun.fr\/index.php?rest_route=\/wp\/v2\/users\/1"}],"replies":[{"embeddable":true,"href":"https:\/\/semimarathoncouleeverte.espritrun.fr\/index.php?rest_route=%2Fwp%2Fv2%2Fcomments&post=424"}],"version-history":[{"count":3,"href":"https:\/\/semimarathoncouleeverte.espritrun.fr\/index.php?rest_route=\/wp\/v2\/pages\/424\/revisions"}],"predecessor-version":[{"id":523,"href":"https:\/\/semimarathoncouleeverte.espritrun.fr\/index.php?rest_route=\/wp\/v2\/pages\/424\/revisions\/523"}],"wp:attachment":[{"href":"https:\/\/semimarathoncouleeverte.espritrun.fr\/index.php?rest_route=%2Fwp%2Fv2%2Fmedia&parent=424"}],"curies":[{"name":"wp","href":"https:\/\/api.w.org\/{rel}","templated":true}]}}