{"id":838,"date":"2022-12-03T17:10:48","date_gmt":"2022-12-03T16:10:48","guid":{"rendered":"https:\/\/semimarathoncouleeverte.espritrun.fr\/?page_id=838"},"modified":"2025-12-11T13:22:42","modified_gmt":"2025-12-11T12:22:42","slug":"info-pratiques-semi-relais-ess-expertise","status":"publish","type":"page","link":"https:\/\/semimarathoncouleeverte.espritrun.fr\/?page_id=838","title":{"rendered":"Info pratiques semi-relais ENDRIX"},"content":{"rendered":"\n<p>L&rsquo;horaire de d\u00e9part du semi-relais ENDRIX est identique \u00e0 celui du semi marathon de la coul\u00e9e verte<\/p>\n\n\n\n<p>Le coureur le plus rapide de l&rsquo;\u00e9quipe doit-\u00eatre positionn\u00e9 sur le 1er relais. <strong>Les relayeurs seront oblig\u00e9s de prendre la navette<\/strong> pour aller au point-relais situ\u00e9 au km 10,7 (demi tour du semi). Il sera impossible d\u2019y aller en voiture particuli\u00e8re.<\/p>\n\n\n\n<p class=\"has-vivid-red-color has-text-color\"><strong>Horaire de d\u00e9part de la navette : 9h30<\/strong><\/p>\n\n\n\n<p>Lors du retrait des dossards (samedi ou dimanche matin), seuls le dossard du 1er coureur, le t\u00e9moin et les 2 cadeaux seront remis. <br>Le dossard du deuxi\u00e8me coureur ainsi que la puce de chronom\u00e9trage (port\u00e9e sur la chaussure du deuxi\u00e8me coureur)  seront d\u00e9livr\u00e9s dans la navette pr\u00e9vue pour acheminer les coureurs.<\/p>\n\n\n\n<p><strong>Plan du d\u00e9part de la navette :<\/strong><\/p>\n\n\n\n<figure class=\"wp-block-image size-large\"><img loading=\"lazy\" decoding=\"async\" width=\"1024\" height=\"593\" src=\"https:\/\/semimarathoncouleeverte.espritrun.fr\/wp-content\/uploads\/2022\/12\/PLAN-NAVETTE-SEMI-RELAIS-1024x593.png\" alt=\"\" class=\"wp-image-871\" srcset=\"https:\/\/semimarathoncouleeverte.espritrun.fr\/wp-content\/uploads\/2022\/12\/PLAN-NAVETTE-SEMI-RELAIS-1024x593.png 1024w, https:\/\/semimarathoncouleeverte.espritrun.fr\/wp-content\/uploads\/2022\/12\/PLAN-NAVETTE-SEMI-RELAIS-300x174.png 300w, https:\/\/semimarathoncouleeverte.espritrun.fr\/wp-content\/uploads\/2022\/12\/PLAN-NAVETTE-SEMI-RELAIS-768x444.png 768w, https:\/\/semimarathoncouleeverte.espritrun.fr\/wp-content\/uploads\/2022\/12\/PLAN-NAVETTE-SEMI-RELAIS.png 1424w\" sizes=\"(max-width: 1024px) 100vw, 1024px\" \/><\/figure>\n\n\n\n<hr class=\"wp-block-separator has-alpha-channel-opacity is-style-default\"\/>\n\n\n\n<h4 class=\"wp-block-heading has-white-color has-ast-global-color-7-background-color has-text-color has-background has-medium-font-size\"><strong>Vid\u00e9o de Pr\u00e9sentation du Semi-Relais ENDRIX<\/strong><\/h4>\n\n\n\n<figure class=\"wp-block-video\"><video controls loop poster=\"https:\/\/semimarathoncouleeverte.espritrun.fr\/wp-content\/uploads\/2023\/12\/semi-relais-flyer-24-2.png\" src=\"https:\/\/semimarathoncouleeverte.espritrun.fr\/wp-content\/uploads\/2023\/12\/pr-sentation-endrix-semi-relais-2.mp4\"><\/video><\/figure>\n\n\n\n<p><\/p>\n\n\n\n<h4 class=\"has-ast-global-color-5-color has-ast-global-color-7-background-color has-text-color has-background wp-block-heading\" id=\"rappel-des-differentes-commodites-a-disposition-des-coureurs-le-jour-de-la-course\"><strong>Commodit\u00e9s \u00e0 disposition des coureurs le jour de la course:<\/strong><\/h4>\n\n\n\n<p>Vous aurez \u00e0 votre disposition :<\/p>\n\n\n\n<p>&#8211; des consignes pour d\u00e9poser vos sacs<br>&#8211; des vestiaires avec douches<br>&#8211; des toilettes \u00e0 disposition au niveau des vestiaires et de l\u2019entr\u00e9e du gymnase, ainsi qu&rsquo;au niveau des vestiaires du club de foot (merci au club de foot de Salouel !).<br>&#8211; des parkings tr\u00e8s proches, stationnement possible sur l\u2019esplanade de Salouel entre la rue Jean Jaur\u00e8s et la rue Pasteur (au plus proche du d\u00e9part !!!!)<\/p>\n\n\n\n<p><\/p>\n\n\n\n<h4 class=\"wp-block-heading has-white-color has-ast-global-color-7-background-color has-text-color has-background has-medium-font-size\"><strong>Retrait des dossards<\/strong><\/h4>\n\n\n\n<p class=\"has-text-align-center has-vivid-red-color has-text-color has-medium-font-size\" style=\"line-height:1.3\">Afin de fluidifier le retrait des dossards nous vous remercions de vous munir du QRcode qui se trouve sur votre fiche d&rsquo;inscription Klikego ainsi que d&rsquo;une pi\u00e8ce d&rsquo;identit\u00e9<\/p>\n\n\n\n<hr class=\"wp-block-separator has-alpha-channel-opacity\"\/>\n\n\n\n<p class=\"has-medium-font-size\">Vous avez 2 possibilit\u00e9s \u00e0 votre disposition :<\/p>\n\n\n\n<ul>\n<li><mark style=\"background-color:rgba(0, 0, 0, 0)\" class=\"has-inline-color has-ast-global-color-7-color\"><strong>Samedi 7 mars, au Magasin Les Foul\u00e9es Amiens <\/strong><\/mark>(200 Rue du Phare du Bout du Monde, 80440 Boves)<mark style=\"background-color:rgba(0, 0, 0, 0)\" class=\"has-inline-color has-ast-global-color-7-color\"><strong>, de 14h \u00e0 18h<\/strong>. <\/mark><br><br>Vous pouvez \u00e9galement retirer le dossard pour un tiers en ayant \u00e9galement sa pi\u00e8ce d&rsquo;identit\u00e9 et son QRcode (copie papier, photo sur smartphone accept\u00e9es).<br><br><\/li>\n\n\n\n<li><strong><mark style=\"background-color:rgba(0, 0, 0, 0)\" class=\"has-inline-color has-ast-global-color-7-color\">Retrait le matin de la course (de 8h \u00e0 9h30) dans la halle des sports<\/mark><\/strong>, sur pr\u00e9sentation d&rsquo;une pi\u00e8ce d&rsquo;identit\u00e9 et du QRcode<\/li>\n<\/ul>\n\n\n\n<hr class=\"wp-block-separator has-alpha-channel-opacity\"\/>\n\n\n\n<p>Lors du retrait des dossards (samedi ou dimanche matin), seuls le dossard du 1er coureur et les 2 cadeaux seront remis. Seront \u00e9galement fournis avec ce dossard : un dossard \u00e9quipe XXXX et une ceinture porte-dossard.<\/p>\n\n\n\n<p>Le dossard du coureur num\u00e9ro 2 lui sera donn\u00e9 au moment de la mont\u00e9e dans la navette \u00e0 9h10. Il lui sera alors \u00e9galement confi\u00e9 la puce chronom\u00e9trique.<br>Le port du dossard coureur dans son int\u00e9gralit\u00e9 est obligatoire et doit \u00eatre port\u00e9 sur le devant du maillot maintenu par quatre \u00e9pingles sous peine d\u2019\u00e9limination.<br>Le dossard \u00e9quipe sera port\u00e9 par le coureur 1 sur le 1er relais, puis par le coureur 2 sur le 2nd relais <strong>EN PLUS de son dossard coureur.<\/strong><br>Le dossard \u00e9quipe devra \u00eatre accroch\u00e9 sur la ceinture porte-dossard, elle-m\u00eame port\u00e9e par le coureur alors en course, sous peine d\u2019\u00e9limination.<\/p>\n\n\n\n<p>Le passage de relais entre les coureurs et du t\u00e9moin doit s\u2019effectuer dans la zone pr\u00e9vue et d\u00e9limit\u00e9e par l\u2019organisateur. Le relais s\u2019effectue par la transmission de la<br>ceinture avec le dossard de l\u2019\u00e9quipe.  Tout passage de relais en dehors de cette zone pourra entra\u00eener la disqualification de l\u2019\u00e9quipe.<br>En cas d\u2019abandon sur le parcours, le dossard \u00e9quipe est \u00e0 remettre au juge ou membre de l\u2019organisation le plus proche du lieu d\u2019abandon de la course.<br>Aucun coureur n\u00b02 n\u2019a le droit de courir sur la 1\u00e8re partie du parcours.<br>Aucun coureur n\u00b01 n\u2019a le droit de courir sur la 2nde partie du parcours.<br>Et ce, m\u00eame en accompagnement de son co\u00e9quipier.<br>La ceinture porte-dossard reste la propri\u00e9t\u00e9 du club ESPRIT RUN et sera r\u00e9cup\u00e9r\u00e9e par les b\u00e9n\u00e9voles avec la puce apr\u00e8s la ligne d\u2019arriv\u00e9e.<\/p>\n\n\n\n<p><\/p>\n\n\n\n<p><\/p>\n","protected":false},"excerpt":{"rendered":"<p>L&rsquo;horaire de d\u00e9part du semi-relais ENDRIX est identique \u00e0 celui du semi marathon de la coul\u00e9e verte Le coureur le plus rapide de l&rsquo;\u00e9quipe doit-\u00eatre positionn\u00e9 sur le 1er relais. Les relayeurs seront oblig\u00e9s de prendre la navette pour aller au point-relais situ\u00e9 au km 10,7 (demi tour du semi). Il sera impossible d\u2019y aller &hellip;<\/p>\n<p class=\"read-more\"> <a class=\"\" href=\"https:\/\/semimarathoncouleeverte.espritrun.fr\/?page_id=838\"> <span class=\"screen-reader-text\">Info pratiques semi-relais ENDRIX<\/span> Lire la suite\u00a0\u00bb<\/a><\/p>\n","protected":false},"author":1,"featured_media":0,"parent":0,"menu_order":0,"comment_status":"closed","ping_status":"closed","template":"","meta":{"site-sidebar-layout":"default","site-content-layout":"","ast-site-content-layout":"default","site-content-style":"default","site-sidebar-style":"default","ast-global-header-display":"","ast-banner-title-visibility":"","ast-main-header-display":"","ast-hfb-above-header-display":"","ast-hfb-below-header-display":"","ast-hfb-mobile-header-display":"","site-post-title":"","ast-breadcrumbs-content":"","ast-featured-img":"","footer-sml-layout":"","theme-transparent-header-meta":"","adv-header-id-meta":"","stick-header-meta":"","header-above-stick-meta":"","header-main-stick-meta":"","header-below-stick-meta":"","astra-migrate-meta-layouts":"set","footnotes":""},"_links":{"self":[{"href":"https:\/\/semimarathoncouleeverte.espritrun.fr\/index.php?rest_route=\/wp\/v2\/pages\/838"}],"collection":[{"href":"https:\/\/semimarathoncouleeverte.espritrun.fr\/index.php?rest_route=\/wp\/v2\/pages"}],"about":[{"href":"https:\/\/semimarathoncouleeverte.espritrun.fr\/index.php?rest_route=\/wp\/v2\/types\/page"}],"author":[{"embeddable":true,"href":"https:\/\/semimarathoncouleeverte.espritrun.fr\/index.php?rest_route=\/wp\/v2\/users\/1"}],"replies":[{"embeddable":true,"href":"https:\/\/semimarathoncouleeverte.espritrun.fr\/index.php?rest_route=%2Fwp%2Fv2%2Fcomments&post=838"}],"version-history":[{"count":19,"href":"https:\/\/semimarathoncouleeverte.espritrun.fr\/index.php?rest_route=\/wp\/v2\/pages\/838\/revisions"}],"predecessor-version":[{"id":1456,"href":"https:\/\/semimarathoncouleeverte.espritrun.fr\/index.php?rest_route=\/wp\/v2\/pages\/838\/revisions\/1456"}],"wp:attachment":[{"href":"https:\/\/semimarathoncouleeverte.espritrun.fr\/index.php?rest_route=%2Fwp%2Fv2%2Fmedia&parent=838"}],"curies":[{"name":"wp","href":"https:\/\/api.w.org\/{rel}","templated":true}]}}