{"id":840,"date":"2022-12-03T17:11:58","date_gmt":"2022-12-03T16:11:58","guid":{"rendered":"https:\/\/semimarathoncouleeverte.espritrun.fr\/?page_id=840"},"modified":"2025-12-11T13:19:42","modified_gmt":"2025-12-11T12:19:42","slug":"inscriptions-semi-relais-ess-expertise","status":"publish","type":"page","link":"https:\/\/semimarathoncouleeverte.espritrun.fr\/?page_id=840","title":{"rendered":"Inscriptions semi-relais ENDRIX"},"content":{"rendered":"\n<p class=\"has-white-color has-ast-global-color-7-background-color has-text-color has-background has-medium-font-size\"><strong>Inscriptions 2026<\/strong><\/p>\n\n\n\n<p>Les inscriptions ouvriront le 13 d\u00e9cembre 2025 .<br>Elles se font via le site Courses 80 et le support Kiklego :<\/p>\n\n\n\n<p><a href=\"https:\/\/www.klikego.com\/inscription\/semi-de-la-coulee-verte-2026\/course-a-pied-running\/1701231451239-3\">https:\/\/www.klikego.com\/inscription\/semi-de-la-coulee-verte-2026\/course-a-pied-running\/1701231451239-3<\/a><br><\/p>\n\n\n\n<p>Tarif : <strong>15 \u20ac par coureur<\/strong> soit 30 \u20ac par \u00e9quipe (hors frais Klikego)<\/p>\n\n\n\n<p><strong>Nous vous remer\u00e7ions d&rsquo;inscrire le coureur le plus rapide de l\u2019\u00e9quipe en tant que premier relayeur.<\/strong><\/p>\n\n\n\n<p><strong>Attention le nombre de places est limit\u00e9 \u00e0 60 \u00e9quipes.<\/strong><\/p>\n\n\n\n<p>Pour les coureurs non licenci\u00e9s il vous sera n\u00e9cessaire de fournir un Pass Sant\u00e9 valide ou un PPS (Parcours Pr\u00e9vention Sant\u00e9 ) r\u00e9alis\u00e9 moins de 3 mois avant le d\u00e9but de la course : <a href=\"https:\/\/pps.athle.fr\/\">https:\/\/pps.athle.fr\/<\/a><\/p>\n\n\n\n<div class=\"wp-block-columns is-layout-flex wp-container-core-columns-is-layout-1 wp-block-columns-is-layout-flex\">\n<div class=\"wp-block-column is-layout-flow wp-block-column-is-layout-flow\" style=\"flex-basis:50%\">\n<p><\/p>\n<\/div>\n<\/div>\n\n\n\n<p><\/p>\n\n\n\n<p><\/p>\n","protected":false},"excerpt":{"rendered":"<p>Inscriptions 2026 Les inscriptions ouvriront le 13 d\u00e9cembre 2025 .Elles se font via le site Courses 80 et le support Kiklego : https:\/\/www.klikego.com\/inscription\/semi-de-la-coulee-verte-2026\/course-a-pied-running\/1701231451239-3 Tarif : 15 \u20ac par coureur soit 30 \u20ac par \u00e9quipe (hors frais Klikego) Nous vous remer\u00e7ions d&rsquo;inscrire le coureur le plus rapide de l\u2019\u00e9quipe en tant que premier relayeur. Attention le &hellip;<\/p>\n<p class=\"read-more\"> <a class=\"\" href=\"https:\/\/semimarathoncouleeverte.espritrun.fr\/?page_id=840\"> <span class=\"screen-reader-text\">Inscriptions semi-relais ENDRIX<\/span> Lire la suite\u00a0\u00bb<\/a><\/p>\n","protected":false},"author":1,"featured_media":0,"parent":0,"menu_order":0,"comment_status":"closed","ping_status":"closed","template":"","meta":{"site-sidebar-layout":"default","site-content-layout":"","ast-site-content-layout":"default","site-content-style":"default","site-sidebar-style":"default","ast-global-header-display":"","ast-banner-title-visibility":"","ast-main-header-display":"","ast-hfb-above-header-display":"","ast-hfb-below-header-display":"","ast-hfb-mobile-header-display":"","site-post-title":"","ast-breadcrumbs-content":"","ast-featured-img":"","footer-sml-layout":"","theme-transparent-header-meta":"","adv-header-id-meta":"","stick-header-meta":"","header-above-stick-meta":"","header-main-stick-meta":"","header-below-stick-meta":"","astra-migrate-meta-layouts":"set","footnotes":""},"_links":{"self":[{"href":"https:\/\/semimarathoncouleeverte.espritrun.fr\/index.php?rest_route=\/wp\/v2\/pages\/840"}],"collection":[{"href":"https:\/\/semimarathoncouleeverte.espritrun.fr\/index.php?rest_route=\/wp\/v2\/pages"}],"about":[{"href":"https:\/\/semimarathoncouleeverte.espritrun.fr\/index.php?rest_route=\/wp\/v2\/types\/page"}],"author":[{"embeddable":true,"href":"https:\/\/semimarathoncouleeverte.espritrun.fr\/index.php?rest_route=\/wp\/v2\/users\/1"}],"replies":[{"embeddable":true,"href":"https:\/\/semimarathoncouleeverte.espritrun.fr\/index.php?rest_route=%2Fwp%2Fv2%2Fcomments&post=840"}],"version-history":[{"count":31,"href":"https:\/\/semimarathoncouleeverte.espritrun.fr\/index.php?rest_route=\/wp\/v2\/pages\/840\/revisions"}],"predecessor-version":[{"id":1455,"href":"https:\/\/semimarathoncouleeverte.espritrun.fr\/index.php?rest_route=\/wp\/v2\/pages\/840\/revisions\/1455"}],"wp:attachment":[{"href":"https:\/\/semimarathoncouleeverte.espritrun.fr\/index.php?rest_route=%2Fwp%2Fv2%2Fmedia&parent=840"}],"curies":[{"name":"wp","href":"https:\/\/api.w.org\/{rel}","templated":true}]}}